{"id":9954,"date":"2021-10-31T12:02:15","date_gmt":"2021-10-31T12:02:15","guid":{"rendered":"https:\/\/4mara.com\/?post_type=product&#038;p=9954"},"modified":"2025-11-14T13:03:18","modified_gmt":"2025-11-14T13:03:18","slug":"szczescie-nowego-dnia","status":"publish","type":"product","link":"https:\/\/4mara.com\/en\/produkt\/szczescie-nowego-dnia\/","title":{"rendered":"Szcz\u0119\u015bcie nowego dnia"},"content":{"rendered":"<p>Obraz malowany na p\u0142\u00f3tnie farbami akrylowymi, zabezpieczony werniksem akrylowym oraz sygnowany przez autora. Wymiary 100 x 120 cm, 2021 rok.<\/p>\n","protected":false},"excerpt":{"rendered":"<p>Obraz malowany na p\u0142\u00f3tnie farbami akrylowymi z serii &#8220;Anio\u0142y podr\u00f3\u017cy&#8221;<\/p>\n","protected":false},"featured_media":9961,"template":"","meta":{"_seopress_robots_primary_cat":"none","_seopress_titles_title":"","_seopress_titles_desc":"Szcz\u0119\u015bcie nowego dnia - wiosenna kompozycja, kt\u00f3ra o\u017cywi ka\u017cde pomieszczenie. Stylowy obraz do salonu czy sypialni. Przedstawia u\u015bmiechni\u0119tego Anio\u0142a str\u00f3\u017ca, jad\u0105cego na hulajnodze, po\u015br\u00f3d makowych p\u00f3l i zielonych wzg\u00f3rz. Dominuje lekko\u015b\u0107 i \u015bwie\u017co\u015b\u0107. Wyst\u0119puj\u0105 drobne, szczeg\u00f3\u0142owe elementy oraz \u017cywe kolory.","_seopress_robots_index":"","inline_featured_image":false},"product_brand":[],"product_cat":[19,17],"product_tag":[42,43,95,497],"class_list":{"0":"post-9954","1":"product","2":"type-product","3":"status-publish","4":"has-post-thumbnail","6":"product_cat-anioly","7":"product_cat-obrazy","8":"product_tag-aniol","9":"product_tag-anioly","10":"product_tag-podroz","11":"product_tag-wielkanoc","12":"","14":"first","15":"instock","16":"taxable","17":"shipping-taxable","18":"purchasable","19":"product-type-variable"},"_links":{"self":[{"href":"https:\/\/4mara.com\/en\/wp-json\/wp\/v2\/product\/9954","targetHints":{"allow":["GET"]}}],"collection":[{"href":"https:\/\/4mara.com\/en\/wp-json\/wp\/v2\/product"}],"about":[{"href":"https:\/\/4mara.com\/en\/wp-json\/wp\/v2\/types\/product"}],"wp:featuredmedia":[{"embeddable":true,"href":"https:\/\/4mara.com\/en\/wp-json\/wp\/v2\/media\/9961"}],"wp:attachment":[{"href":"https:\/\/4mara.com\/en\/wp-json\/wp\/v2\/media?parent=9954"}],"wp:term":[{"taxonomy":"product_brand","embeddable":true,"href":"https:\/\/4mara.com\/en\/wp-json\/wp\/v2\/product_brand?post=9954"},{"taxonomy":"product_cat","embeddable":true,"href":"https:\/\/4mara.com\/en\/wp-json\/wp\/v2\/product_cat?post=9954"},{"taxonomy":"product_tag","embeddable":true,"href":"https:\/\/4mara.com\/en\/wp-json\/wp\/v2\/product_tag?post=9954"}],"curies":[{"name":"wp","href":"https:\/\/api.w.org\/{rel}","templated":true}]}}