{"id":9713,"date":"2021-03-15T12:16:29","date_gmt":"2021-03-15T12:16:29","guid":{"rendered":"https:\/\/4mara.com\/?post_type=product&#038;p=9713"},"modified":"2025-11-14T13:05:03","modified_gmt":"2025-11-14T13:05:03","slug":"morze-szept","status":"publish","type":"product","link":"https:\/\/4mara.com\/en\/produkt\/morze-szept\/","title":{"rendered":"Morza szept"},"content":{"rendered":"<p>Obraz z serii prac &#8220;Anio\u0142y i morze&#8221; malowany na p\u0142\u00f3tnie farbami akrylowymi, zabezpieczony werniksem akrylowym oraz sygnowany przez autora. Wymiary 100 x 120 cm, 2018 rok.<\/p>\n","protected":false},"excerpt":{"rendered":"<p>Obraz Pod tytu\u0142em &#8220;Morza szept&#8221; z serii prac &#8220;Anio\u0142y i morze&#8221; malowany na p\u0142\u00f3tnie farbami akrylowymi, zabezpieczony werniksem akrylowym oraz sygnowany przez autora. Wymiary 100 x 120 cm, 2018 rok.<\/p>\n","protected":false},"featured_media":1372,"template":"","meta":{"_seopress_robots_primary_cat":"none","_seopress_titles_title":"","_seopress_titles_desc":"Morza szept - abstrakcyjny obraz na \u015bcian\u0119, nietuzinkowa kompozycja, o\u017cywiaj\u0105ca ka\u017cde wn\u0119trze. Stylowy obraz do salonu czy sypialni. Ukazuje Anio\u0142a str\u00f3\u017ca, kt\u00f3ry nas\u0142uchuje szumu morza przez morsk\u0105 muszl\u0119. Obraz cechuje si\u0119 dba\u0142o\u015bci\u0105 o szczeg\u00f3\u0142y; zawiera bogate elementy zdobnicze. Dominuj\u0105 jasne, pastelowe odcienie. \u00a0","_seopress_robots_index":"","inline_featured_image":false},"product_brand":[],"product_cat":[19,17],"product_tag":[42,45,430],"class_list":{"0":"post-9713","1":"product","2":"type-product","3":"status-publish","4":"has-post-thumbnail","6":"product_cat-anioly","7":"product_cat-obrazy","8":"product_tag-aniol","9":"product_tag-morze","10":"product_tag-muszla","11":"","13":"first","14":"instock","15":"taxable","16":"shipping-taxable","17":"purchasable","18":"product-type-variable"},"_links":{"self":[{"href":"https:\/\/4mara.com\/en\/wp-json\/wp\/v2\/product\/9713","targetHints":{"allow":["GET"]}}],"collection":[{"href":"https:\/\/4mara.com\/en\/wp-json\/wp\/v2\/product"}],"about":[{"href":"https:\/\/4mara.com\/en\/wp-json\/wp\/v2\/types\/product"}],"wp:featuredmedia":[{"embeddable":true,"href":"https:\/\/4mara.com\/en\/wp-json\/wp\/v2\/media\/1372"}],"wp:attachment":[{"href":"https:\/\/4mara.com\/en\/wp-json\/wp\/v2\/media?parent=9713"}],"wp:term":[{"taxonomy":"product_brand","embeddable":true,"href":"https:\/\/4mara.com\/en\/wp-json\/wp\/v2\/product_brand?post=9713"},{"taxonomy":"product_cat","embeddable":true,"href":"https:\/\/4mara.com\/en\/wp-json\/wp\/v2\/product_cat?post=9713"},{"taxonomy":"product_tag","embeddable":true,"href":"https:\/\/4mara.com\/en\/wp-json\/wp\/v2\/product_tag?post=9713"}],"curies":[{"name":"wp","href":"https:\/\/api.w.org\/{rel}","templated":true}]}}