{"id":9637,"date":"2021-02-01T08:02:29","date_gmt":"2021-02-01T08:02:29","guid":{"rendered":"https:\/\/4mara.com\/?post_type=product&#038;p=9637"},"modified":"2025-11-14T13:05:47","modified_gmt":"2025-11-14T13:05:47","slug":"piekno-kobiety-musi-byc-widoczne-w-oczach-poniewaz-sa-one-drzwiami-do-jej-serca","status":"publish","type":"product","link":"https:\/\/4mara.com\/en\/produkt\/piekno-kobiety-musi-byc-widoczne-w-oczach-poniewaz-sa-one-drzwiami-do-jej-serca\/","title":{"rendered":"Pi\u0119kno kobiety musi by\u0107 widoczne w oczach poniewa\u017c s\u0105 one drzwiami do jej serca"},"content":{"rendered":"<p>Obraz malowany na p\u0142\u00f3tnie farbami akrylowymi, zabezpieczony werniksem akrylowym oraz sygnowany przez autora. Wymiary 70 x 100 cm, 2017 rok.<\/p>\n","protected":false},"excerpt":{"rendered":"<p>Obraz malowany na p\u0142\u00f3tnie farbami akrylowymi, zabezpieczony werniksem akrylowym oraz sygnowany przez autora. Wymiary 70 x 100 cm, 2017 rok.<\/p>\n","protected":false},"featured_media":10873,"template":"","meta":{"_seopress_robots_primary_cat":"none","_seopress_titles_title":"","_seopress_titles_desc":"Nietuzinkowy obraz utrzymany w ciemnych, niebieskich barwach, z kt\u00f3rych wy\u0142ania si\u0119 posta\u0107 kobiety. Centralnym punkt stanowi\u0105 oczy postaci, kt\u00f3re podkre\u015blone s\u0105 bia\u0142ymi odcieniami farby, patrz\u0105ce z nadziej\u0105 i ufno\u015bci\u0105 na co\u015b spoza p\u0142\u00f3tna.\u00a0 \u00a0","_seopress_robots_index":"","inline_featured_image":false},"product_brand":[],"product_cat":[51,17],"product_tag":[68,55,429],"class_list":{"0":"post-9637","1":"product","2":"type-product","3":"status-publish","4":"has-post-thumbnail","6":"product_cat-milosc","7":"product_cat-obrazy","8":"product_tag-kobieta","9":"product_tag-milosc","10":"product_tag-oczy","11":"","13":"first","14":"instock","15":"taxable","16":"shipping-taxable","17":"purchasable","18":"product-type-variable","19":"has-default-attributes"},"_links":{"self":[{"href":"https:\/\/4mara.com\/en\/wp-json\/wp\/v2\/product\/9637","targetHints":{"allow":["GET"]}}],"collection":[{"href":"https:\/\/4mara.com\/en\/wp-json\/wp\/v2\/product"}],"about":[{"href":"https:\/\/4mara.com\/en\/wp-json\/wp\/v2\/types\/product"}],"wp:featuredmedia":[{"embeddable":true,"href":"https:\/\/4mara.com\/en\/wp-json\/wp\/v2\/media\/10873"}],"wp:attachment":[{"href":"https:\/\/4mara.com\/en\/wp-json\/wp\/v2\/media?parent=9637"}],"wp:term":[{"taxonomy":"product_brand","embeddable":true,"href":"https:\/\/4mara.com\/en\/wp-json\/wp\/v2\/product_brand?post=9637"},{"taxonomy":"product_cat","embeddable":true,"href":"https:\/\/4mara.com\/en\/wp-json\/wp\/v2\/product_cat?post=9637"},{"taxonomy":"product_tag","embeddable":true,"href":"https:\/\/4mara.com\/en\/wp-json\/wp\/v2\/product_tag?post=9637"}],"curies":[{"name":"wp","href":"https:\/\/api.w.org\/{rel}","templated":true}]}}