{"id":13695,"date":"2024-03-25T12:46:04","date_gmt":"2024-03-25T12:46:04","guid":{"rendered":"https:\/\/4mara.com\/?post_type=product_variation&#038;p=13695"},"modified":"2024-04-24T19:24:05","modified_gmt":"2024-04-24T19:24:05","slug":"dekoracje-wielkanocne-zajac-niebieski-duzy","status":"publish","type":"product","link":"https:\/\/4mara.com\/en\/produkt\/dekoracje-wielkanocne-zajac-niebieski-duzy\/","title":{"rendered":"Dekoracje wielkanocne &#8211; Zaj\u0105c niebieski du\u017cy"},"content":{"rendered":"<p>Przynie\u015b do swojego domu ducha wiosny z nasz\u0105 ekskluzywn\u0105 kolekcj\u0105 Wielkanocnych dekoracji. R\u0119cznie malowane z dba\u0142o\u015bci\u0105 o szczeg\u00f3\u0142y, nasze kury, g\u0119si, jajka i zaj\u0105ce o\u017cywi\u0105 ka\u017cd\u0105 przestrze\u0144 i stan\u0105 si\u0119 centrum uwagi podczas \u015bwi\u0105tecznego obiadu. Ka\u017cda figurka jest wyj\u0105tkowa, z indywidualnym charakterem, kt\u00f3ry wyr\u00f3\u017cnia j\u0105 spo\u015br\u00f3d typowych dekoracji.<\/p>\n<p><strong>Dost\u0119pne warianty:<\/strong><\/p>\n<ul>\n<li><strong>Kury<\/strong>: Dost\u0119pne w rozmiarach ma\u0142ym, \u015brednim i du\u017cym, ka\u017cda kura jest \u015bwi\u0119tem kolor\u00f3w i wzor\u00f3w, idealnym do roz\u015bwietlenia ka\u017cdego k\u0105ta.<\/li>\n<li><strong>G\u0119si<\/strong>: Eleganckie i urokliwe, nasze g\u0119si dodaj\u0105 tradycyjnego, ale zarazem nowoczesnego akcentu do Twojego wn\u0119trza.<\/li>\n<li><strong>Jajka<\/strong>: Malowane r\u0119cznie jajka to perfekcyjne dope\u0142nienie Twojej wielkanocnej dekoracji. Wybierz spo\u015br\u00f3d wielu wzor\u00f3w i kolor\u00f3w.<\/li>\n<li><strong>Zaj\u0105ce<\/strong>: S\u0142odkie i pe\u0142ne uroku, nasze zaj\u0105ce s\u0105 idealnym dodatkiem do ka\u017cdej Wielkanocnej aran\u017cacji.<\/li>\n<\/ul>\n","protected":false},"excerpt":{"rendered":"<p>18&#215;20<\/p>\n","protected":false},"featured_media":13744,"template":"","meta":{"_seopress_robots_primary_cat":"","_seopress_titles_title":"","_seopress_titles_desc":"","_seopress_robots_index":"","inline_featured_image":false},"product_brand":[],"product_cat":[119,15],"product_tag":[497],"class_list":{"0":"post-13695","1":"product","2":"type-product","3":"status-publish","4":"has-post-thumbnail","6":"product_cat-dodatki","7":"product_cat-uncategorized","8":"product_tag-wielkanoc","9":"","11":"first","12":"instock","13":"taxable","14":"shipping-taxable","15":"purchasable","16":"product-type-simple"},"_links":{"self":[{"href":"https:\/\/4mara.com\/en\/wp-json\/wp\/v2\/product\/13695","targetHints":{"allow":["GET"]}}],"collection":[{"href":"https:\/\/4mara.com\/en\/wp-json\/wp\/v2\/product"}],"about":[{"href":"https:\/\/4mara.com\/en\/wp-json\/wp\/v2\/types\/product"}],"wp:featuredmedia":[{"embeddable":true,"href":"https:\/\/4mara.com\/en\/wp-json\/wp\/v2\/media\/13744"}],"wp:attachment":[{"href":"https:\/\/4mara.com\/en\/wp-json\/wp\/v2\/media?parent=13695"}],"wp:term":[{"taxonomy":"product_brand","embeddable":true,"href":"https:\/\/4mara.com\/en\/wp-json\/wp\/v2\/product_brand?post=13695"},{"taxonomy":"product_cat","embeddable":true,"href":"https:\/\/4mara.com\/en\/wp-json\/wp\/v2\/product_cat?post=13695"},{"taxonomy":"product_tag","embeddable":true,"href":"https:\/\/4mara.com\/en\/wp-json\/wp\/v2\/product_tag?post=13695"}],"curies":[{"name":"wp","href":"https:\/\/api.w.org\/{rel}","templated":true}]}}