{"id":13661,"date":"2024-03-20T13:04:20","date_gmt":"2024-03-20T13:04:20","guid":{"rendered":"https:\/\/4mara.com\/?post_type=product_variation&#038;p=13661"},"modified":"2025-11-14T11:49:28","modified_gmt":"2025-11-14T11:49:28","slug":"sloneczna-dusza-mojego-domu-szkatulka-19x19x7","status":"publish","type":"product","link":"https:\/\/4mara.com\/en\/produkt\/sloneczna-dusza-mojego-domu-szkatulka-19x19x7\/","title":{"rendered":"S\u0142oneczna dusza mojego domu &#8211; Szkatu\u0142ka 19x19x7"},"content":{"rendered":"<p>Obraz malowany na p\u0142\u00f3tnie farbami akrylowymi, zabezpieczony werniksem akrylowym oraz sygnowany przez autora. Wymiary 50 x 70 cm,  2024 rok.<\/p>\n","protected":false},"excerpt":{"rendered":"<p>Drewniane pude\u0142ko na skarby, ze zdj\u0119ciem obrazu umieszczonym metod\u0105 decoupage na wierzchniej cz\u0119\u015bci. Boki szkatu\u0142ki r\u0119cznie malowane. Ca\u0142o\u015b\u0107 zabezpieczona wiele razy bezbarwnym lakierem. Szkatu\u0142ka sygnowana w \u015brodku.<\/p>\n","protected":false},"featured_media":13640,"template":"","meta":{"_seopress_robots_primary_cat":"none","_seopress_titles_title":"","_seopress_titles_desc":"","_seopress_robots_index":"","inline_featured_image":false},"product_brand":[],"product_cat":[19,17],"product_tag":[42,43,163,55,498],"class_list":{"0":"post-13661","1":"product","2":"type-product","3":"status-publish","4":"has-post-thumbnail","6":"product_cat-anioly","7":"product_cat-obrazy","8":"product_tag-aniol","9":"product_tag-anioly","10":"product_tag-dom","11":"product_tag-milosc","12":"product_tag-opiekun","13":"","15":"first","16":"instock","17":"taxable","18":"shipping-taxable","19":"purchasable","20":"product-type-simple"},"_links":{"self":[{"href":"https:\/\/4mara.com\/en\/wp-json\/wp\/v2\/product\/13661","targetHints":{"allow":["GET"]}}],"collection":[{"href":"https:\/\/4mara.com\/en\/wp-json\/wp\/v2\/product"}],"about":[{"href":"https:\/\/4mara.com\/en\/wp-json\/wp\/v2\/types\/product"}],"wp:featuredmedia":[{"embeddable":true,"href":"https:\/\/4mara.com\/en\/wp-json\/wp\/v2\/media\/13640"}],"wp:attachment":[{"href":"https:\/\/4mara.com\/en\/wp-json\/wp\/v2\/media?parent=13661"}],"wp:term":[{"taxonomy":"product_brand","embeddable":true,"href":"https:\/\/4mara.com\/en\/wp-json\/wp\/v2\/product_brand?post=13661"},{"taxonomy":"product_cat","embeddable":true,"href":"https:\/\/4mara.com\/en\/wp-json\/wp\/v2\/product_cat?post=13661"},{"taxonomy":"product_tag","embeddable":true,"href":"https:\/\/4mara.com\/en\/wp-json\/wp\/v2\/product_tag?post=13661"}],"curies":[{"name":"wp","href":"https:\/\/api.w.org\/{rel}","templated":true}]}}