{"id":13200,"date":"2023-03-10T19:10:24","date_gmt":"2023-03-10T19:10:24","guid":{"rendered":"https:\/\/4mara.com\/?post_type=product&#038;p=13200"},"modified":"2025-11-14T11:51:17","modified_gmt":"2025-11-14T11:51:17","slug":"nie-chodzi-o-to-jaki-wielki-jest-dom-tylko-ile-w-nim-jest-szczescia","status":"publish","type":"product","link":"https:\/\/4mara.com\/en\/produkt\/nie-chodzi-o-to-jaki-wielki-jest-dom-tylko-ile-w-nim-jest-szczescia\/","title":{"rendered":"Nie chodzi o to jak wielki jest dom, tylko ile jest w nim szcz\u0119\u015bcia"},"content":{"rendered":"<p>Obraz pod tytu\u0142em &#8220;Nie chodzi o to jak wielki jest dom, tylko ile jest w nim szcz\u0119\u015bcia&#8221; malowany na p\u0142\u00f3tnie farbami akrylowymi, zabezpieczony werniksem akrylowym oraz sygnowany przez autora. Wymiary 80 x 80 cm, 2022 rok.<\/p>\n","protected":false},"excerpt":{"rendered":"<p>Obraz malowany na p\u0142\u00f3tnie farbami akrylowymi, zabezpieczony werniksem akrylowym oraz sygnowany przez autora. Wymiary 80 x 80 cm, 2022 rok.<\/p>\n","protected":false},"featured_media":13186,"template":"","meta":{"_seopress_robots_primary_cat":"none","_seopress_titles_title":"","_seopress_titles_desc":"","_seopress_robots_index":"","inline_featured_image":false},"product_brand":[],"product_cat":[19,17],"product_tag":[42,163,345,484],"class_list":{"0":"post-13200","1":"product","2":"type-product","3":"status-publish","4":"has-post-thumbnail","6":"product_cat-anioly","7":"product_cat-obrazy","8":"product_tag-aniol","9":"product_tag-dom","10":"product_tag-opiekun-domu","11":"product_tag-rodzina","12":"","14":"first","15":"instock","16":"taxable","17":"shipping-taxable","18":"purchasable","19":"product-type-variable"},"_links":{"self":[{"href":"https:\/\/4mara.com\/en\/wp-json\/wp\/v2\/product\/13200","targetHints":{"allow":["GET"]}}],"collection":[{"href":"https:\/\/4mara.com\/en\/wp-json\/wp\/v2\/product"}],"about":[{"href":"https:\/\/4mara.com\/en\/wp-json\/wp\/v2\/types\/product"}],"wp:featuredmedia":[{"embeddable":true,"href":"https:\/\/4mara.com\/en\/wp-json\/wp\/v2\/media\/13186"}],"wp:attachment":[{"href":"https:\/\/4mara.com\/en\/wp-json\/wp\/v2\/media?parent=13200"}],"wp:term":[{"taxonomy":"product_brand","embeddable":true,"href":"https:\/\/4mara.com\/en\/wp-json\/wp\/v2\/product_brand?post=13200"},{"taxonomy":"product_cat","embeddable":true,"href":"https:\/\/4mara.com\/en\/wp-json\/wp\/v2\/product_cat?post=13200"},{"taxonomy":"product_tag","embeddable":true,"href":"https:\/\/4mara.com\/en\/wp-json\/wp\/v2\/product_tag?post=13200"}],"curies":[{"name":"wp","href":"https:\/\/api.w.org\/{rel}","templated":true}]}}