{"id":12717,"date":"2022-02-18T14:00:37","date_gmt":"2022-02-18T14:00:37","guid":{"rendered":"https:\/\/4mara.com\/?post_type=product&#038;p=12717"},"modified":"2025-02-13T14:33:27","modified_gmt":"2025-02-13T14:33:27","slug":"magia-ruchu","status":"publish","type":"product","link":"https:\/\/4mara.com\/en\/produkt\/magia-ruchu\/","title":{"rendered":"Magia ruchu"},"content":{"rendered":"<p>Obraz malowany na p\u0142\u00f3tnie farbami akrylowymi, zabezpieczony werniksem akrylowym oraz sygnowany przez autora. Wymiary 65 x 55 cm, 2007 rok.<\/p>\n","protected":false},"excerpt":{"rendered":"<p>Obraz malowany na p\u0142\u00f3tnie farbami akrylowymi, zabezpieczony werniksem akrylowym oraz sygnowany przez autora. Wymiary 65 x 55 cm, 2007 rok.<\/p>\n","protected":false},"featured_media":12718,"template":"","meta":{"_seopress_robots_primary_cat":"","_seopress_titles_title":"","_seopress_titles_desc":"Magia ruchu - to oryginalna, stylowa kompozycja, nadaj\u0105ca artystyczny polot ka\u017cdemu wn\u0119trzu, z kt\u00f3rego wy\u0142ania si\u0119 posta\u0107 jaszczurki. Obraz zawiera drobne szczeg\u00f3\u0142owe elementy zdobnicze. T\u0142o powstaje za pomoc\u0105 szczeg\u00f3lnej techniki graficznej zwanej monotypi\u0105. Dominuj\u0105 pastelowe odcienie, przeplatane z t\u0119czowymi barwami. &nbsp;","_seopress_robots_index":"","inline_featured_image":false},"product_brand":[],"product_cat":[18,17],"product_tag":[56,474,437],"class_list":{"0":"post-12717","1":"product","2":"type-product","3":"status-publish","4":"has-post-thumbnail","6":"product_cat-abstrakcje","7":"product_cat-obrazy","8":"product_tag-abstrakcja","9":"product_tag-magia","10":"product_tag-obrazy","11":"","13":"first","14":"instock","15":"taxable","16":"shipping-taxable","17":"purchasable","18":"product-type-variable"},"_links":{"self":[{"href":"https:\/\/4mara.com\/en\/wp-json\/wp\/v2\/product\/12717","targetHints":{"allow":["GET"]}}],"collection":[{"href":"https:\/\/4mara.com\/en\/wp-json\/wp\/v2\/product"}],"about":[{"href":"https:\/\/4mara.com\/en\/wp-json\/wp\/v2\/types\/product"}],"wp:featuredmedia":[{"embeddable":true,"href":"https:\/\/4mara.com\/en\/wp-json\/wp\/v2\/media\/12718"}],"wp:attachment":[{"href":"https:\/\/4mara.com\/en\/wp-json\/wp\/v2\/media?parent=12717"}],"wp:term":[{"taxonomy":"product_brand","embeddable":true,"href":"https:\/\/4mara.com\/en\/wp-json\/wp\/v2\/product_brand?post=12717"},{"taxonomy":"product_cat","embeddable":true,"href":"https:\/\/4mara.com\/en\/wp-json\/wp\/v2\/product_cat?post=12717"},{"taxonomy":"product_tag","embeddable":true,"href":"https:\/\/4mara.com\/en\/wp-json\/wp\/v2\/product_tag?post=12717"}],"curies":[{"name":"wp","href":"https:\/\/api.w.org\/{rel}","templated":true}]}}