{"id":12649,"date":"2022-02-18T13:04:38","date_gmt":"2022-02-18T13:04:38","guid":{"rendered":"https:\/\/4mara.com\/?post_type=product&#038;p=12649"},"modified":"2025-11-14T11:54:39","modified_gmt":"2025-11-14T11:54:39","slug":"spokoj-ducha","status":"publish","type":"product","link":"https:\/\/4mara.com\/en\/produkt\/spokoj-ducha\/","title":{"rendered":"Spok\u00f3j ducha"},"content":{"rendered":"<p>Praca z serii \u201eO czym my\u015bli Ewa\u201d. 50 x 72 cm, 2014 r<\/p>\n<p>Obraz malowany na surowym szarym papierze farbami akrylowymi oraz tuszem. Sygnowany na odwrocie.<\/p>\n","protected":false},"excerpt":{"rendered":"<p>Obraz malowany na surowym szarym papierze farbami akrylowymi oraz tuszem. Sygnowany na odwrocie. 50 x 72 cm, 2014 r<\/p>\n","protected":false},"featured_media":12650,"template":"","meta":{"_seopress_robots_primary_cat":"none","_seopress_titles_title":"","_seopress_titles_desc":"Spok\u00f3j ducha - obraz z serii \u201eO czym my\u015bli Ewa\u201d, ukazuje medytuj\u0105c\u0105 wsp\u00f3\u0142czesn\u0105 Ew\u0119, kt\u00f3rej towarzyszy rozci\u0105gaj\u0105cy si\u0119 sportowo kot. T\u0142o otaczaj\u0105ce obraz zawiera elementy charakterystyczne, takie jak: kwiaty, kot czy ptaki. Kolory dominuj\u0105ce s\u0105 pastelowe, delikatne, z przewag\u0105 b\u0142\u0119kitu i r\u00f3\u017cu. \u00a0","_seopress_robots_index":"","inline_featured_image":false},"product_brand":[],"product_cat":[51,17],"product_tag":[381,55,437],"class_list":{"0":"post-12649","1":"product","2":"type-product","3":"status-publish","4":"has-post-thumbnail","6":"product_cat-milosc","7":"product_cat-obrazy","8":"product_tag-ewa","9":"product_tag-milosc","10":"product_tag-obrazy","11":"","13":"first","14":"instock","15":"taxable","16":"shipping-taxable","17":"purchasable","18":"product-type-variable"},"_links":{"self":[{"href":"https:\/\/4mara.com\/en\/wp-json\/wp\/v2\/product\/12649","targetHints":{"allow":["GET"]}}],"collection":[{"href":"https:\/\/4mara.com\/en\/wp-json\/wp\/v2\/product"}],"about":[{"href":"https:\/\/4mara.com\/en\/wp-json\/wp\/v2\/types\/product"}],"wp:featuredmedia":[{"embeddable":true,"href":"https:\/\/4mara.com\/en\/wp-json\/wp\/v2\/media\/12650"}],"wp:attachment":[{"href":"https:\/\/4mara.com\/en\/wp-json\/wp\/v2\/media?parent=12649"}],"wp:term":[{"taxonomy":"product_brand","embeddable":true,"href":"https:\/\/4mara.com\/en\/wp-json\/wp\/v2\/product_brand?post=12649"},{"taxonomy":"product_cat","embeddable":true,"href":"https:\/\/4mara.com\/en\/wp-json\/wp\/v2\/product_cat?post=12649"},{"taxonomy":"product_tag","embeddable":true,"href":"https:\/\/4mara.com\/en\/wp-json\/wp\/v2\/product_tag?post=12649"}],"curies":[{"name":"wp","href":"https:\/\/api.w.org\/{rel}","templated":true}]}}