{"id":12530,"date":"2022-02-18T10:44:11","date_gmt":"2022-02-18T10:44:11","guid":{"rendered":"https:\/\/4mara.com\/?post_type=product&#038;p=12530"},"modified":"2025-11-14T11:57:29","modified_gmt":"2025-11-14T11:57:29","slug":"arlamow","status":"publish","type":"product","link":"https:\/\/4mara.com\/en\/produkt\/arlamow\/","title":{"rendered":"Ar\u0142am\u00f3w"},"content":{"rendered":"<p>Obraz malowany na p\u0142\u00f3tnie farbami akrylowymi, zabezpieczony werniksem akrylowym oraz sygnowany przez autora. Wymiary 80 x 56 cm, 2020 rok.<\/p>\n","protected":false},"excerpt":{"rendered":"<p>Obraz malowany na p\u0142\u00f3tnie farbami akrylowymi, zabezpieczony werniksem akrylowym oraz sygnowany przez autora. Wymiary 80 x 56 cm, 2020 rok.<\/p>\n","protected":false},"featured_media":12531,"template":"","meta":{"_seopress_robots_primary_cat":"none","_seopress_titles_title":"","_seopress_titles_desc":"Ar\u0142am\u00f3w \u2013 luksusowy hotel spa w Bieszczadach, ukazany w deszczow\u0105, letni\u0105 pogod\u0119. Stylowy obraz, nadaj\u0105cy charakter ka\u017cdemu wn\u0119trzu. Dominuj\u0105ce na obrazie s\u0105 odcienie szaro\u015bci, a tak\u017ce niebieski i zielony kolor.\u00a0\u00a0 \u00a0","_seopress_robots_index":"","inline_featured_image":false},"product_brand":[],"product_cat":[21,17],"product_tag":[99,471,437],"class_list":{"0":"post-12530","1":"product","2":"type-product","3":"status-publish","4":"has-post-thumbnail","6":"product_cat-architektura","7":"product_cat-obrazy","8":"product_tag-architektura","9":"product_tag-hotel","10":"product_tag-obrazy","11":"","13":"first","14":"instock","15":"taxable","16":"shipping-taxable","17":"purchasable","18":"product-type-variable"},"_links":{"self":[{"href":"https:\/\/4mara.com\/en\/wp-json\/wp\/v2\/product\/12530","targetHints":{"allow":["GET"]}}],"collection":[{"href":"https:\/\/4mara.com\/en\/wp-json\/wp\/v2\/product"}],"about":[{"href":"https:\/\/4mara.com\/en\/wp-json\/wp\/v2\/types\/product"}],"wp:featuredmedia":[{"embeddable":true,"href":"https:\/\/4mara.com\/en\/wp-json\/wp\/v2\/media\/12531"}],"wp:attachment":[{"href":"https:\/\/4mara.com\/en\/wp-json\/wp\/v2\/media?parent=12530"}],"wp:term":[{"taxonomy":"product_brand","embeddable":true,"href":"https:\/\/4mara.com\/en\/wp-json\/wp\/v2\/product_brand?post=12530"},{"taxonomy":"product_cat","embeddable":true,"href":"https:\/\/4mara.com\/en\/wp-json\/wp\/v2\/product_cat?post=12530"},{"taxonomy":"product_tag","embeddable":true,"href":"https:\/\/4mara.com\/en\/wp-json\/wp\/v2\/product_tag?post=12530"}],"curies":[{"name":"wp","href":"https:\/\/api.w.org\/{rel}","templated":true}]}}