{"id":12494,"date":"2022-02-18T10:09:33","date_gmt":"2022-02-18T10:09:33","guid":{"rendered":"https:\/\/4mara.com\/?post_type=product&#038;p=12494"},"modified":"2025-11-14T11:59:00","modified_gmt":"2025-11-14T11:59:00","slug":"praga-wyszehrad","status":"publish","type":"product","link":"https:\/\/4mara.com\/en\/produkt\/praga-wyszehrad\/","title":{"rendered":"Praga Wyszehrad"},"content":{"rendered":"<p>Obraz malowany na papierze w autorskiej technice. Poszczeg\u00f3lne elementy kompozycji wycinane s\u0105 z kolorowego papieru, nast\u0119pnie naklejane metod\u0105 patchworkow\u0105. T\u0142o powstaje za pomoc\u0105 szczeg\u00f3lnej techniki graficznej zwanej monotypi\u0105. W p\u00f3\u017aniejszym procesie przygotowania obraz pokrywany jest farbami akrylowymi i graficzne dopracowywany tuszem. Wymiary 48 x 65 cm, 2013 rok.<\/p>\n","protected":false},"excerpt":{"rendered":"<p>Obraz malowany na papierze  farbami akrylowymi i graficzne dopracowywany tuszem. Wymiary 48 x 65 cm, 2013 rok.<\/p>\n","protected":false},"featured_media":12509,"template":"","meta":{"_seopress_robots_primary_cat":"none","_seopress_titles_title":"","_seopress_titles_desc":"Praga Wyszehrad \u2013 obraz ukazuj\u0105cy czesk\u0105 architektur\u0119, w ciep\u0142y, pogodny dzie\u0144. Niebieskie odcienie nieba kontrastuj\u0105 z czerwonymi dach\u00f3wkami dom\u00f3w. Ko\u015bci\u00f3\u0142 na drugim planie przedstawiony jest z zachowaniem drobnych szczeg\u00f3\u0142\u00f3w. \u00a0","_seopress_robots_index":"","inline_featured_image":false},"product_brand":[],"product_cat":[21,17],"product_tag":[99,437,470],"class_list":{"0":"post-12494","1":"product","2":"type-product","3":"status-publish","4":"has-post-thumbnail","6":"product_cat-architektura","7":"product_cat-obrazy","8":"product_tag-architektura","9":"product_tag-obrazy","10":"product_tag-praga","11":"","13":"first","14":"instock","15":"taxable","16":"shipping-taxable","17":"purchasable","18":"product-type-variable"},"_links":{"self":[{"href":"https:\/\/4mara.com\/en\/wp-json\/wp\/v2\/product\/12494","targetHints":{"allow":["GET"]}}],"collection":[{"href":"https:\/\/4mara.com\/en\/wp-json\/wp\/v2\/product"}],"about":[{"href":"https:\/\/4mara.com\/en\/wp-json\/wp\/v2\/types\/product"}],"wp:featuredmedia":[{"embeddable":true,"href":"https:\/\/4mara.com\/en\/wp-json\/wp\/v2\/media\/12509"}],"wp:attachment":[{"href":"https:\/\/4mara.com\/en\/wp-json\/wp\/v2\/media?parent=12494"}],"wp:term":[{"taxonomy":"product_brand","embeddable":true,"href":"https:\/\/4mara.com\/en\/wp-json\/wp\/v2\/product_brand?post=12494"},{"taxonomy":"product_cat","embeddable":true,"href":"https:\/\/4mara.com\/en\/wp-json\/wp\/v2\/product_cat?post=12494"},{"taxonomy":"product_tag","embeddable":true,"href":"https:\/\/4mara.com\/en\/wp-json\/wp\/v2\/product_tag?post=12494"}],"curies":[{"name":"wp","href":"https:\/\/api.w.org\/{rel}","templated":true}]}}