{"id":12460,"date":"2022-02-18T08:34:11","date_gmt":"2022-02-18T08:34:11","guid":{"rendered":"https:\/\/4mara.com\/?post_type=product&#038;p=12460"},"modified":"2025-11-14T11:59:42","modified_gmt":"2025-11-14T11:59:42","slug":"wiosenny-jazz","status":"publish","type":"product","link":"https:\/\/4mara.com\/en\/produkt\/wiosenny-jazz\/","title":{"rendered":"Wiosenny jazz"},"content":{"rendered":"<p>Obraz malowany na p\u0142\u00f3tnie farbami akrylowymi, zabezpieczony werniksem akrylowym oraz sygnowany przez autora. Wymiary 100 x 60 cm, 2017 rok.<\/p>\n","protected":false},"excerpt":{"rendered":"<p>Obraz malowany na p\u0142\u00f3tnie farbami akrylowymi, zabezpieczony werniksem akrylowym oraz sygnowany przez autora. Wymiary 100 x 60 cm, 2017 rok.<\/p>\n","protected":false},"featured_media":12461,"template":"","meta":{"_seopress_robots_primary_cat":"none","_seopress_titles_title":"","_seopress_titles_desc":"Wiosenny jazz - zachwycaj\u0105ca, bogato zdobiona kompozycja. Stylowy obraz do salonu czy sypialni. P\u0142otno ukazuje Anio\u0142a str\u00f3\u017ca, graj\u0105cego na anielskim kontrabasie. Wok\u00f3\u0142 lataj\u0105 bia\u0142o-z\u0142ote motyle. P\u0142otno charakteryzuje si\u0119 bogactwem szczeg\u00f3\u0142\u00f3w. Dominuj\u0105 jasne, \u017cywe barwy.","_seopress_robots_index":"","inline_featured_image":false},"product_brand":[],"product_cat":[19,17],"product_tag":[43,392,437],"class_list":{"0":"post-12460","1":"product","2":"type-product","3":"status-publish","4":"has-post-thumbnail","6":"product_cat-anioly","7":"product_cat-obrazy","8":"product_tag-anioly","9":"product_tag-muzyka","10":"product_tag-obrazy","11":"","13":"first","14":"instock","15":"taxable","16":"shipping-taxable","17":"purchasable","18":"product-type-variable"},"_links":{"self":[{"href":"https:\/\/4mara.com\/en\/wp-json\/wp\/v2\/product\/12460","targetHints":{"allow":["GET"]}}],"collection":[{"href":"https:\/\/4mara.com\/en\/wp-json\/wp\/v2\/product"}],"about":[{"href":"https:\/\/4mara.com\/en\/wp-json\/wp\/v2\/types\/product"}],"wp:featuredmedia":[{"embeddable":true,"href":"https:\/\/4mara.com\/en\/wp-json\/wp\/v2\/media\/12461"}],"wp:attachment":[{"href":"https:\/\/4mara.com\/en\/wp-json\/wp\/v2\/media?parent=12460"}],"wp:term":[{"taxonomy":"product_brand","embeddable":true,"href":"https:\/\/4mara.com\/en\/wp-json\/wp\/v2\/product_brand?post=12460"},{"taxonomy":"product_cat","embeddable":true,"href":"https:\/\/4mara.com\/en\/wp-json\/wp\/v2\/product_cat?post=12460"},{"taxonomy":"product_tag","embeddable":true,"href":"https:\/\/4mara.com\/en\/wp-json\/wp\/v2\/product_tag?post=12460"}],"curies":[{"name":"wp","href":"https:\/\/api.w.org\/{rel}","templated":true}]}}