{"id":12426,"date":"2022-02-18T08:12:35","date_gmt":"2022-02-18T08:12:35","guid":{"rendered":"https:\/\/4mara.com\/?post_type=product&#038;p=12426"},"modified":"2025-11-14T12:00:28","modified_gmt":"2025-11-14T12:00:28","slug":"aniol-grajacy-na-skrzypcach","status":"publish","type":"product","link":"https:\/\/4mara.com\/en\/produkt\/aniol-grajacy-na-skrzypcach\/","title":{"rendered":"Anio\u0142 graj\u0105cy na skrzypcach"},"content":{"rendered":"<p>Obraz malowany na p\u0142\u00f3tnie farbami akrylowymi, zabezpieczony werniksem akrylowym oraz sygnowany przez autora. Wymiary 50 x 70 cm, 2015 rok.<\/p>\n","protected":false},"excerpt":{"rendered":"<p>Obraz malowany na p\u0142\u00f3tnie farbami akrylowymi, zabezpieczony werniksem akrylowym oraz sygnowany przez autora. Wymiary 50 x 70 cm, 2015 rok.<\/p>\n","protected":false},"featured_media":12427,"template":"","meta":{"_seopress_robots_primary_cat":"none","_seopress_titles_title":"","_seopress_titles_desc":"Anio\u0142 graj\u0105cy na skrzypcach - wiosenna kompozycja, kt\u00f3ra o\u017cywi ka\u017cde pomieszczenie. Stylowy obraz do salonu czy sypialni. Przedstawia Anio\u0142a str\u00f3\u017ca, graj\u0105cego na anielskich skrzypcach. Wyst\u0119puj\u0105 drobne, szczeg\u00f3\u0142owe elementy. Dominuj\u0105 jasne, pastelowe odcienie, wsp\u00f3\u0142graj\u0105ce z ciemn\u0105 szat\u0105 Anio\u0142a.\u00a0 \u00a0","_seopress_robots_index":"","inline_featured_image":false},"product_brand":[],"product_cat":[19,17],"product_tag":[43,392,437],"class_list":{"0":"post-12426","1":"product","2":"type-product","3":"status-publish","4":"has-post-thumbnail","6":"product_cat-anioly","7":"product_cat-obrazy","8":"product_tag-anioly","9":"product_tag-muzyka","10":"product_tag-obrazy","11":"","13":"first","14":"instock","15":"taxable","16":"shipping-taxable","17":"purchasable","18":"product-type-variable"},"_links":{"self":[{"href":"https:\/\/4mara.com\/en\/wp-json\/wp\/v2\/product\/12426","targetHints":{"allow":["GET"]}}],"collection":[{"href":"https:\/\/4mara.com\/en\/wp-json\/wp\/v2\/product"}],"about":[{"href":"https:\/\/4mara.com\/en\/wp-json\/wp\/v2\/types\/product"}],"wp:featuredmedia":[{"embeddable":true,"href":"https:\/\/4mara.com\/en\/wp-json\/wp\/v2\/media\/12427"}],"wp:attachment":[{"href":"https:\/\/4mara.com\/en\/wp-json\/wp\/v2\/media?parent=12426"}],"wp:term":[{"taxonomy":"product_brand","embeddable":true,"href":"https:\/\/4mara.com\/en\/wp-json\/wp\/v2\/product_brand?post=12426"},{"taxonomy":"product_cat","embeddable":true,"href":"https:\/\/4mara.com\/en\/wp-json\/wp\/v2\/product_cat?post=12426"},{"taxonomy":"product_tag","embeddable":true,"href":"https:\/\/4mara.com\/en\/wp-json\/wp\/v2\/product_tag?post=12426"}],"curies":[{"name":"wp","href":"https:\/\/api.w.org\/{rel}","templated":true}]}}