{"id":12357,"date":"2022-02-17T16:22:21","date_gmt":"2022-02-17T16:22:21","guid":{"rendered":"https:\/\/4mara.com\/?post_type=product&#038;p=12357"},"modified":"2025-11-14T12:04:35","modified_gmt":"2025-11-14T12:04:35","slug":"twoj-ogon-nie-pozwala-mi-spac","status":"publish","type":"product","link":"https:\/\/4mara.com\/en\/produkt\/twoj-ogon-nie-pozwala-mi-spac\/","title":{"rendered":"Tw\u00f3j ogon nie pozwala mi spa\u0107"},"content":{"rendered":"<p>Obraz malowany na papierze w autorskiej technice. Poszczeg\u00f3lne elementy kompozycji wycinane s\u0105 z kolorowego papieru, nast\u0119pnie naklejane metod\u0105 patchworkow\u0105. T\u0142o powstaje za pomoc\u0105 szczeg\u00f3lnej techniki graficznej zwanej monotypi\u0105. W p\u00f3\u017aniejszym procesie przygotowania obraz pokrywany jest farbami akrylowymi i graficzne dopracowywany tuszem. Wymiary 48 x 70 cm, 2011 rok.<\/p>\n","protected":false},"excerpt":{"rendered":"<p>Obraz malowany na papierze w autorskiej technice.  Wymiary 48 x 70 cm, 2011 rok.<\/p>\n","protected":false},"featured_media":12377,"template":"","meta":{"_seopress_robots_primary_cat":"none","_seopress_titles_title":"","_seopress_titles_desc":"","_seopress_robots_index":"","inline_featured_image":false},"product_brand":[],"product_cat":[122,17],"product_tag":[110,437,139],"class_list":{"0":"post-12357","1":"product","2":"type-product","3":"status-publish","4":"has-post-thumbnail","6":"product_cat-koty","7":"product_cat-obrazy","8":"product_tag-koty","9":"product_tag-obrazy","10":"product_tag-sen","11":"","13":"first","14":"instock","15":"taxable","16":"shipping-taxable","17":"purchasable","18":"product-type-variable"},"_links":{"self":[{"href":"https:\/\/4mara.com\/en\/wp-json\/wp\/v2\/product\/12357","targetHints":{"allow":["GET"]}}],"collection":[{"href":"https:\/\/4mara.com\/en\/wp-json\/wp\/v2\/product"}],"about":[{"href":"https:\/\/4mara.com\/en\/wp-json\/wp\/v2\/types\/product"}],"wp:featuredmedia":[{"embeddable":true,"href":"https:\/\/4mara.com\/en\/wp-json\/wp\/v2\/media\/12377"}],"wp:attachment":[{"href":"https:\/\/4mara.com\/en\/wp-json\/wp\/v2\/media?parent=12357"}],"wp:term":[{"taxonomy":"product_brand","embeddable":true,"href":"https:\/\/4mara.com\/en\/wp-json\/wp\/v2\/product_brand?post=12357"},{"taxonomy":"product_cat","embeddable":true,"href":"https:\/\/4mara.com\/en\/wp-json\/wp\/v2\/product_cat?post=12357"},{"taxonomy":"product_tag","embeddable":true,"href":"https:\/\/4mara.com\/en\/wp-json\/wp\/v2\/product_tag?post=12357"}],"curies":[{"name":"wp","href":"https:\/\/api.w.org\/{rel}","templated":true}]}}