{"id":12260,"date":"2022-02-17T14:07:40","date_gmt":"2022-02-17T14:07:40","guid":{"rendered":"https:\/\/4mara.com\/?post_type=product&#038;p=12260"},"modified":"2025-11-14T12:06:26","modified_gmt":"2025-11-14T12:06:26","slug":"zamek","status":"publish","type":"product","link":"https:\/\/4mara.com\/en\/produkt\/zamek\/","title":{"rendered":"Zamek"},"content":{"rendered":"<p>Obraz malowany na p\u0142\u00f3tnie farbami akrylowymi, zabezpieczony werniksem akrylowym oraz sygnowany przez autora. Wymiary 45 x 35 cm, 2016 rok.<\/p>\n","protected":false},"excerpt":{"rendered":"<p>Obraz malowany na p\u0142\u00f3tnie farbami akrylowymi, zabezpieczony werniksem akrylowym oraz sygnowany przez autora. Wymiary 45 x 35 cm, 2016 rok.<\/p>\n","protected":false},"featured_media":12279,"template":"","meta":{"_seopress_robots_primary_cat":"none","_seopress_titles_title":"","_seopress_titles_desc":"Zamek \u2013 obraz przedstawia wy\u0142aniaj\u0105cy si\u0119 spomi\u0119dzy chmur zamek, uchwycony w abstrakcyjny spos\u00f3b. Dynamizmu dodaje poruszaj\u0105cy chmury wiatr. Dominuj\u0105 kolory szaro\u015bci, przeplatane z niebieskim oraz czerwonym. \u00a0","_seopress_robots_index":"","inline_featured_image":false},"product_brand":[],"product_cat":[21,17],"product_tag":[99,437,373],"class_list":{"0":"post-12260","1":"product","2":"type-product","3":"status-publish","4":"has-post-thumbnail","6":"product_cat-architektura","7":"product_cat-obrazy","8":"product_tag-architektura","9":"product_tag-obrazy","10":"product_tag-zamek","11":"","13":"first","14":"instock","15":"taxable","16":"shipping-taxable","17":"purchasable","18":"product-type-variable"},"_links":{"self":[{"href":"https:\/\/4mara.com\/en\/wp-json\/wp\/v2\/product\/12260","targetHints":{"allow":["GET"]}}],"collection":[{"href":"https:\/\/4mara.com\/en\/wp-json\/wp\/v2\/product"}],"about":[{"href":"https:\/\/4mara.com\/en\/wp-json\/wp\/v2\/types\/product"}],"wp:featuredmedia":[{"embeddable":true,"href":"https:\/\/4mara.com\/en\/wp-json\/wp\/v2\/media\/12279"}],"wp:attachment":[{"href":"https:\/\/4mara.com\/en\/wp-json\/wp\/v2\/media?parent=12260"}],"wp:term":[{"taxonomy":"product_brand","embeddable":true,"href":"https:\/\/4mara.com\/en\/wp-json\/wp\/v2\/product_brand?post=12260"},{"taxonomy":"product_cat","embeddable":true,"href":"https:\/\/4mara.com\/en\/wp-json\/wp\/v2\/product_cat?post=12260"},{"taxonomy":"product_tag","embeddable":true,"href":"https:\/\/4mara.com\/en\/wp-json\/wp\/v2\/product_tag?post=12260"}],"curies":[{"name":"wp","href":"https:\/\/api.w.org\/{rel}","templated":true}]}}