{"id":12190,"date":"2022-02-17T13:16:19","date_gmt":"2022-02-17T13:16:19","guid":{"rendered":"https:\/\/4mara.com\/?post_type=product&#038;p=12190"},"modified":"2025-11-14T12:08:21","modified_gmt":"2025-11-14T12:08:21","slug":"zrozumiesz-mnie-bez-slow","status":"publish","type":"product","link":"https:\/\/4mara.com\/en\/produkt\/zrozumiesz-mnie-bez-slow\/","title":{"rendered":"Zrozumiesz mnie bez s\u0142\u00f3w"},"content":{"rendered":"<p>Obraz malowany na p\u0142\u00f3tnie farbami akrylowymi, zabezpieczony werniksem akrylowym oraz sygnowany przez autora. Wymiary 120 x 80 cm, 2015 rok.<\/p>\n","protected":false},"excerpt":{"rendered":"<p>Obraz malowany na p\u0142\u00f3tnie farbami akrylowymi, zabezpieczony werniksem akrylowym oraz sygnowany przez autora. Wymiary 120 x 80 cm, 2015 rok.<\/p>\n","protected":false},"featured_media":12209,"template":"","meta":{"_seopress_robots_primary_cat":"none","_seopress_titles_title":"","_seopress_titles_desc":"To oryginalna kompozycja, stanowi\u0105ca modn\u0105 dekoracj\u0119. Na p\u0142\u00f3tnie ukazano nag\u0105 kobiet\u0119, trzymaj\u0105c\u0105 w d\u0142oni jab\u0142ko. Jej posta\u0107 jest zamazana, mglista. Otacza j\u0105 czerwona po\u015bwiata. W tle dominuj\u0105 ciemne odcienie czerni, kontrastuj\u0105ce z bia\u0142ymi poziomymi pasami.\u00a0 \u00a0","_seopress_robots_index":"","inline_featured_image":false},"product_brand":[],"product_cat":[51,17],"product_tag":[68,55,437],"class_list":{"0":"post-12190","1":"product","2":"type-product","3":"status-publish","4":"has-post-thumbnail","6":"product_cat-milosc","7":"product_cat-obrazy","8":"product_tag-kobieta","9":"product_tag-milosc","10":"product_tag-obrazy","11":"","13":"first","14":"instock","15":"taxable","16":"shipping-taxable","17":"purchasable","18":"product-type-variable"},"_links":{"self":[{"href":"https:\/\/4mara.com\/en\/wp-json\/wp\/v2\/product\/12190","targetHints":{"allow":["GET"]}}],"collection":[{"href":"https:\/\/4mara.com\/en\/wp-json\/wp\/v2\/product"}],"about":[{"href":"https:\/\/4mara.com\/en\/wp-json\/wp\/v2\/types\/product"}],"wp:featuredmedia":[{"embeddable":true,"href":"https:\/\/4mara.com\/en\/wp-json\/wp\/v2\/media\/12209"}],"wp:attachment":[{"href":"https:\/\/4mara.com\/en\/wp-json\/wp\/v2\/media?parent=12190"}],"wp:term":[{"taxonomy":"product_brand","embeddable":true,"href":"https:\/\/4mara.com\/en\/wp-json\/wp\/v2\/product_brand?post=12190"},{"taxonomy":"product_cat","embeddable":true,"href":"https:\/\/4mara.com\/en\/wp-json\/wp\/v2\/product_cat?post=12190"},{"taxonomy":"product_tag","embeddable":true,"href":"https:\/\/4mara.com\/en\/wp-json\/wp\/v2\/product_tag?post=12190"}],"curies":[{"name":"wp","href":"https:\/\/api.w.org\/{rel}","templated":true}]}}