{"id":11988,"date":"2022-02-17T10:17:18","date_gmt":"2022-02-17T10:17:18","guid":{"rendered":"https:\/\/4mara.com\/?post_type=product&#038;p=11988"},"modified":"2025-11-14T12:15:25","modified_gmt":"2025-11-14T12:15:25","slug":"polnocny-oddech","status":"publish","type":"product","link":"https:\/\/4mara.com\/en\/produkt\/polnocny-oddech\/","title":{"rendered":"P\u00f3\u0142nocny oddech"},"content":{"rendered":"<p>Obraz malowany na p\u0142\u00f3tnie farbami akrylowymi, zabezpieczony werniksem akrylowym oraz sygnowany przez autora. Wymiary 42 x 63\u00a0 cm, 2006 rok.<\/p>\n","protected":false},"excerpt":{"rendered":"<p>Obraz malowany na p\u0142\u00f3tnie farbami akrylowymi, zabezpieczony werniksem akrylowym oraz sygnowany przez autora. Wymiary 42 x 63\u00a0 cm, 2006 rok.<\/p>\n","protected":false},"featured_media":12007,"template":"","meta":{"_seopress_robots_primary_cat":"none","_seopress_titles_title":"","_seopress_titles_desc":"P\u00f3\u0142nocny oddech - to oryginalna, stylowa kompozycja, nadaj\u0105ca artystyczny polot ka\u017cdemu wn\u0119trzu. Obraz zawiera drobne szczeg\u00f3\u0142owe elementy zdobnicze. T\u0142o powstaje za pomoc\u0105 szczeg\u00f3lnej techniki graficznej zwanej monotypi\u0105. Dominuj\u0105 ciemne odcienie czerni, przeplatane z jaskraw\u0105 biel\u0105. \u00a0","_seopress_robots_index":"","inline_featured_image":false},"product_brand":[],"product_cat":[18,17],"product_tag":[56,437,467],"class_list":{"0":"post-11988","1":"product","2":"type-product","3":"status-publish","4":"has-post-thumbnail","6":"product_cat-abstrakcje","7":"product_cat-obrazy","8":"product_tag-abstrakcja","9":"product_tag-obrazy","10":"product_tag-polnoc","11":"","13":"first","14":"instock","15":"taxable","16":"shipping-taxable","17":"purchasable","18":"product-type-variable"},"_links":{"self":[{"href":"https:\/\/4mara.com\/en\/wp-json\/wp\/v2\/product\/11988","targetHints":{"allow":["GET"]}}],"collection":[{"href":"https:\/\/4mara.com\/en\/wp-json\/wp\/v2\/product"}],"about":[{"href":"https:\/\/4mara.com\/en\/wp-json\/wp\/v2\/types\/product"}],"wp:featuredmedia":[{"embeddable":true,"href":"https:\/\/4mara.com\/en\/wp-json\/wp\/v2\/media\/12007"}],"wp:attachment":[{"href":"https:\/\/4mara.com\/en\/wp-json\/wp\/v2\/media?parent=11988"}],"wp:term":[{"taxonomy":"product_brand","embeddable":true,"href":"https:\/\/4mara.com\/en\/wp-json\/wp\/v2\/product_brand?post=11988"},{"taxonomy":"product_cat","embeddable":true,"href":"https:\/\/4mara.com\/en\/wp-json\/wp\/v2\/product_cat?post=11988"},{"taxonomy":"product_tag","embeddable":true,"href":"https:\/\/4mara.com\/en\/wp-json\/wp\/v2\/product_tag?post=11988"}],"curies":[{"name":"wp","href":"https:\/\/api.w.org\/{rel}","templated":true}]}}