{"id":11954,"date":"2022-02-17T09:58:53","date_gmt":"2022-02-17T09:58:53","guid":{"rendered":"https:\/\/4mara.com\/?post_type=product&#038;p=11954"},"modified":"2025-11-14T12:19:09","modified_gmt":"2025-11-14T12:19:09","slug":"w-sieci-marzen-2","status":"publish","type":"product","link":"https:\/\/4mara.com\/en\/produkt\/w-sieci-marzen-2\/","title":{"rendered":"W sieci marze\u0144"},"content":{"rendered":"<p>Obraz malowany na p\u0142\u00f3tnie farbami akrylowymi, zabezpieczony werniksem akrylowym oraz sygnowany przez autora. Wymiary 56 x 57 cm, 2009 rok.<\/p>\n","protected":false},"excerpt":{"rendered":"<p>Obraz malowany na p\u0142\u00f3tnie farbami akrylowymi, zabezpieczony werniksem akrylowym oraz sygnowany przez autora. Wymiary 56 x 57 cm, 2009 rok.<\/p>\n","protected":false},"featured_media":11963,"template":"","meta":{"_seopress_robots_primary_cat":"none","_seopress_titles_title":"","_seopress_titles_desc":"W sieci marze\u0144 - to oryginalna, dynamiczna kompozycja, stanowi\u0105ca modn\u0105 dekoracj\u0119. Idealny obraz do salonu i sypialni. Obraz jest nasycony czerwonymi i ciemnoniebieskimi odcieniami, zawiera drobne szczeg\u00f3\u0142owe elementy zdobnicze. T\u0142o powstaje za pomoc\u0105 szczeg\u00f3lnej techniki graficznej zwanej monotypi\u0105. Dominuj\u0105 ciemne odcienie, przeplatane z jaskrawymi jasnoniebieskimi i zielonymi barwami.","_seopress_robots_index":"","inline_featured_image":false},"product_brand":[],"product_cat":[18,17],"product_tag":[56,85,437],"class_list":{"0":"post-11954","1":"product","2":"type-product","3":"status-publish","4":"has-post-thumbnail","6":"product_cat-abstrakcje","7":"product_cat-obrazy","8":"product_tag-abstrakcja","9":"product_tag-marzenia","10":"product_tag-obrazy","11":"","13":"first","14":"instock","15":"taxable","16":"shipping-taxable","17":"purchasable","18":"product-type-variable"},"_links":{"self":[{"href":"https:\/\/4mara.com\/en\/wp-json\/wp\/v2\/product\/11954","targetHints":{"allow":["GET"]}}],"collection":[{"href":"https:\/\/4mara.com\/en\/wp-json\/wp\/v2\/product"}],"about":[{"href":"https:\/\/4mara.com\/en\/wp-json\/wp\/v2\/types\/product"}],"wp:featuredmedia":[{"embeddable":true,"href":"https:\/\/4mara.com\/en\/wp-json\/wp\/v2\/media\/11963"}],"wp:attachment":[{"href":"https:\/\/4mara.com\/en\/wp-json\/wp\/v2\/media?parent=11954"}],"wp:term":[{"taxonomy":"product_brand","embeddable":true,"href":"https:\/\/4mara.com\/en\/wp-json\/wp\/v2\/product_brand?post=11954"},{"taxonomy":"product_cat","embeddable":true,"href":"https:\/\/4mara.com\/en\/wp-json\/wp\/v2\/product_cat?post=11954"},{"taxonomy":"product_tag","embeddable":true,"href":"https:\/\/4mara.com\/en\/wp-json\/wp\/v2\/product_tag?post=11954"}],"curies":[{"name":"wp","href":"https:\/\/api.w.org\/{rel}","templated":true}]}}