{"id":11882,"date":"2022-02-16T16:32:57","date_gmt":"2022-02-16T16:32:57","guid":{"rendered":"https:\/\/4mara.com\/?post_type=product&#038;p=11882"},"modified":"2025-11-14T12:20:27","modified_gmt":"2025-11-14T12:20:27","slug":"kocia-mama","status":"publish","type":"product","link":"https:\/\/4mara.com\/en\/produkt\/kocia-mama\/","title":{"rendered":"Kocia mama"},"content":{"rendered":"<p>Obraz malowany na p\u0142\u00f3tnie farbami akrylowymi, zabezpieczony werniksem akrylowym oraz sygnowany przez autora. Wymiary 50 x 70 cm, 2012 rok.<\/p>\n","protected":false},"excerpt":{"rendered":"<p>Obraz malowany na p\u0142\u00f3tnie farbami akrylowymi, zabezpieczony werniksem akrylowym oraz sygnowany przez autora. Wymiary 50 x 70 cm, 2012 rok.<\/p>\n","protected":false},"featured_media":11901,"template":"","meta":{"_seopress_robots_primary_cat":"none","_seopress_titles_title":"","_seopress_titles_desc":"Kocia mama \u2013 na p\u0142\u00f3tnie przedstawiono kotk\u0119 z ma\u0142ymi koci\u0119tami, zwini\u0119tymi w k\u0142\u0119bek namalowane za pomoc\u0105 techniki graficznej zwanej monotypi\u0105. Kotka z czu\u0142o\u015bci\u0105 patrzy na koci\u0119ta, pilnuj\u0105c ich. Dominuj\u0105 odcienie ciemne, szczeg\u00f3lnie niebieski i fioletowy przeplatane z ciep\u0142ymi barwami pomara\u0144czowego.","_seopress_robots_index":"","inline_featured_image":false},"product_brand":[],"product_cat":[122,17],"product_tag":[110,437],"class_list":{"0":"post-11882","1":"product","2":"type-product","3":"status-publish","4":"has-post-thumbnail","6":"product_cat-koty","7":"product_cat-obrazy","8":"product_tag-koty","9":"product_tag-obrazy","10":"","12":"first","13":"instock","14":"taxable","15":"shipping-taxable","16":"purchasable","17":"product-type-variable"},"_links":{"self":[{"href":"https:\/\/4mara.com\/en\/wp-json\/wp\/v2\/product\/11882","targetHints":{"allow":["GET"]}}],"collection":[{"href":"https:\/\/4mara.com\/en\/wp-json\/wp\/v2\/product"}],"about":[{"href":"https:\/\/4mara.com\/en\/wp-json\/wp\/v2\/types\/product"}],"wp:featuredmedia":[{"embeddable":true,"href":"https:\/\/4mara.com\/en\/wp-json\/wp\/v2\/media\/11901"}],"wp:attachment":[{"href":"https:\/\/4mara.com\/en\/wp-json\/wp\/v2\/media?parent=11882"}],"wp:term":[{"taxonomy":"product_brand","embeddable":true,"href":"https:\/\/4mara.com\/en\/wp-json\/wp\/v2\/product_brand?post=11882"},{"taxonomy":"product_cat","embeddable":true,"href":"https:\/\/4mara.com\/en\/wp-json\/wp\/v2\/product_cat?post=11882"},{"taxonomy":"product_tag","embeddable":true,"href":"https:\/\/4mara.com\/en\/wp-json\/wp\/v2\/product_tag?post=11882"}],"curies":[{"name":"wp","href":"https:\/\/api.w.org\/{rel}","templated":true}]}}