{"id":11766,"date":"2022-02-14T15:15:43","date_gmt":"2022-02-14T15:15:43","guid":{"rendered":"https:\/\/4mara.com\/?post_type=product&#038;p=11766"},"modified":"2025-11-14T12:23:07","modified_gmt":"2025-11-14T12:23:07","slug":"piec-kotow","status":"publish","type":"product","link":"https:\/\/4mara.com\/en\/produkt\/piec-kotow\/","title":{"rendered":"Pi\u0119\u0107 kot\u00f3w"},"content":{"rendered":"<p>Obraz malowany na p\u0142\u00f3tnie farbami akrylowymi, zabezpieczony werniksem akrylowym oraz sygnowany przez autora. Wymiary 30 x 40 cm, 2012 rok.<\/p>\n","protected":false},"excerpt":{"rendered":"<p>Obraz malowany na p\u0142\u00f3tnie farbami akrylowymi, zabezpieczony werniksem akrylowym oraz sygnowany przez autora. Wymiary 30 x 40 cm, 2012 rok.<\/p>\n","protected":false},"featured_media":11785,"template":"","meta":{"_seopress_robots_primary_cat":"none","_seopress_titles_title":"","_seopress_titles_desc":"Pi\u0119\u0107 kot\u00f3w - stylowy, wiosenny obraz na \u015bcian\u0119, nadaj\u0105cy charakter ka\u017cdemu wn\u0119trzu. Idealny obraz do sypialni czy salonu. P\u0142otno ukazuje Anio\u0142a str\u00f3\u017ca, otoczonego przez pi\u0119\u0107 kot\u00f3w, o r\u00f3\u017cnym kolorze sier\u015bci. Dominuj\u0105 jasne, ciep\u0142e barwy, kontrastuj\u0105ce z fioletowym kolorem szaty Anio\u0142a.","_seopress_robots_index":"","inline_featured_image":false},"product_brand":[],"product_cat":[19,17],"product_tag":[43,110,437],"class_list":{"0":"post-11766","1":"product","2":"type-product","3":"status-publish","4":"has-post-thumbnail","6":"product_cat-anioly","7":"product_cat-obrazy","8":"product_tag-anioly","9":"product_tag-koty","10":"product_tag-obrazy","11":"","13":"first","14":"instock","15":"taxable","16":"shipping-taxable","17":"purchasable","18":"product-type-variable"},"_links":{"self":[{"href":"https:\/\/4mara.com\/en\/wp-json\/wp\/v2\/product\/11766","targetHints":{"allow":["GET"]}}],"collection":[{"href":"https:\/\/4mara.com\/en\/wp-json\/wp\/v2\/product"}],"about":[{"href":"https:\/\/4mara.com\/en\/wp-json\/wp\/v2\/types\/product"}],"wp:featuredmedia":[{"embeddable":true,"href":"https:\/\/4mara.com\/en\/wp-json\/wp\/v2\/media\/11785"}],"wp:attachment":[{"href":"https:\/\/4mara.com\/en\/wp-json\/wp\/v2\/media?parent=11766"}],"wp:term":[{"taxonomy":"product_brand","embeddable":true,"href":"https:\/\/4mara.com\/en\/wp-json\/wp\/v2\/product_brand?post=11766"},{"taxonomy":"product_cat","embeddable":true,"href":"https:\/\/4mara.com\/en\/wp-json\/wp\/v2\/product_cat?post=11766"},{"taxonomy":"product_tag","embeddable":true,"href":"https:\/\/4mara.com\/en\/wp-json\/wp\/v2\/product_tag?post=11766"}],"curies":[{"name":"wp","href":"https:\/\/api.w.org\/{rel}","templated":true}]}}