{"id":11598,"date":"2022-02-08T14:18:37","date_gmt":"2022-02-08T14:18:37","guid":{"rendered":"https:\/\/4mara.com\/?post_type=product&#038;p=11598"},"modified":"2025-11-14T12:25:46","modified_gmt":"2025-11-14T12:25:46","slug":"tys-calym-swiatem-moim-w-tym-oto-ustroniu","status":"publish","type":"product","link":"https:\/\/4mara.com\/en\/produkt\/tys-calym-swiatem-moim-w-tym-oto-ustroniu\/","title":{"rendered":"Ty\u015b ca\u0142ym \u015bwiatem moim w tym oto ustroniu"},"content":{"rendered":"<p>Obraz malowany na p\u0142\u00f3tnie farbami akrylowymi, zabezpieczony werniksem akrylowym oraz sygnowany przez autora. Wymiary 60 x 70 cm, 2012 rok.<\/p>\n","protected":false},"excerpt":{"rendered":"<p>Obraz malowany na p\u0142\u00f3tnie farbami akrylowymi, zabezpieczony werniksem akrylowym oraz sygnowany przez autora. Wymiary 60 x 70 cm, 2012 rok.<\/p>\n","protected":false},"featured_media":11599,"template":"","meta":{"_seopress_robots_primary_cat":"none","_seopress_titles_title":"","_seopress_titles_desc":"Ty\u015b ca\u0142ym \u015bwiatem moim w tym oto ustroniu - abstrakcyjny obraz na \u015bcian\u0119, nietuzinkowa kompozycja, nadaj\u0105ca charakter ka\u017cdemu wn\u0119trzu. Stylowy obraz do salonu czy sypialni. Przedstawia przygn\u0119bionego Anio\u0142a str\u00f3\u017ca, samotnego po\u015br\u00f3d t\u0142umu obserwator\u00f3w. Dominuj\u0105 ciemne, niebieskie odcienie.","_seopress_robots_index":"","inline_featured_image":false},"product_brand":[],"product_cat":[19,17],"product_tag":[43,437,94],"class_list":{"0":"post-11598","1":"product","2":"type-product","3":"status-publish","4":"has-post-thumbnail","6":"product_cat-anioly","7":"product_cat-obrazy","8":"product_tag-anioly","9":"product_tag-obrazy","10":"product_tag-swiat","11":"","13":"first","14":"instock","15":"taxable","16":"shipping-taxable","17":"purchasable","18":"product-type-variable"},"_links":{"self":[{"href":"https:\/\/4mara.com\/en\/wp-json\/wp\/v2\/product\/11598","targetHints":{"allow":["GET"]}}],"collection":[{"href":"https:\/\/4mara.com\/en\/wp-json\/wp\/v2\/product"}],"about":[{"href":"https:\/\/4mara.com\/en\/wp-json\/wp\/v2\/types\/product"}],"wp:featuredmedia":[{"embeddable":true,"href":"https:\/\/4mara.com\/en\/wp-json\/wp\/v2\/media\/11599"}],"wp:attachment":[{"href":"https:\/\/4mara.com\/en\/wp-json\/wp\/v2\/media?parent=11598"}],"wp:term":[{"taxonomy":"product_brand","embeddable":true,"href":"https:\/\/4mara.com\/en\/wp-json\/wp\/v2\/product_brand?post=11598"},{"taxonomy":"product_cat","embeddable":true,"href":"https:\/\/4mara.com\/en\/wp-json\/wp\/v2\/product_cat?post=11598"},{"taxonomy":"product_tag","embeddable":true,"href":"https:\/\/4mara.com\/en\/wp-json\/wp\/v2\/product_tag?post=11598"}],"curies":[{"name":"wp","href":"https:\/\/api.w.org\/{rel}","templated":true}]}}