{"id":11530,"date":"2022-02-08T13:49:17","date_gmt":"2022-02-08T13:49:17","guid":{"rendered":"https:\/\/4mara.com\/?post_type=product&#038;p=11530"},"modified":"2025-11-14T12:27:34","modified_gmt":"2025-11-14T12:27:34","slug":"przywrocenie-do-stanu-pierwotnego","status":"publish","type":"product","link":"https:\/\/4mara.com\/en\/produkt\/przywrocenie-do-stanu-pierwotnego\/","title":{"rendered":"Przywr\u00f3cenie do stanu pierwotnego"},"content":{"rendered":"<p>Obraz malowany na p\u0142\u00f3tnie farbami akrylowymi, zabezpieczony werniksem akrylowym oraz sygnowany przez autora. Wymiary 80 x 100 cm, 2012 rok.<\/p>\n","protected":false},"excerpt":{"rendered":"<p>Obraz malowany na p\u0142\u00f3tnie farbami akrylowymi, zabezpieczony werniksem akrylowym oraz sygnowany przez autora. Wymiary 80 x 100 cm, 2012 rok.<\/p>\n","protected":false},"featured_media":11531,"template":"","meta":{"_seopress_robots_primary_cat":"none","_seopress_titles_title":"","_seopress_titles_desc":"Przywr\u00f3cenie do stanu pierwotnego - abstrakcyjny obraz na \u015bcian\u0119, upi\u0119kszaj\u0105cy ka\u017cde wn\u0119trze. Stylowy obraz do salonu czy sypialni. P\u0142\u00f3tno przedstawia zamy\u015blonego, metalowego Anio\u0142a str\u00f3\u017ca. Wyr\u00f3\u017cniaj\u0105 si\u0119 kolorowo zdobione skrzyd\u0142a. Wyst\u0119puj\u0105 drobne, szczeg\u00f3\u0142owe elementy. Dominuj\u0105 ciemne odcienie.","_seopress_robots_index":"","inline_featured_image":false},"product_brand":[],"product_cat":[19,17],"product_tag":[43,437,462],"class_list":{"0":"post-11530","1":"product","2":"type-product","3":"status-publish","4":"has-post-thumbnail","6":"product_cat-anioly","7":"product_cat-obrazy","8":"product_tag-anioly","9":"product_tag-obrazy","10":"product_tag-stan-pierowtny","11":"","13":"first","14":"instock","15":"taxable","16":"shipping-taxable","17":"purchasable","18":"product-type-variable"},"_links":{"self":[{"href":"https:\/\/4mara.com\/en\/wp-json\/wp\/v2\/product\/11530","targetHints":{"allow":["GET"]}}],"collection":[{"href":"https:\/\/4mara.com\/en\/wp-json\/wp\/v2\/product"}],"about":[{"href":"https:\/\/4mara.com\/en\/wp-json\/wp\/v2\/types\/product"}],"wp:featuredmedia":[{"embeddable":true,"href":"https:\/\/4mara.com\/en\/wp-json\/wp\/v2\/media\/11531"}],"wp:attachment":[{"href":"https:\/\/4mara.com\/en\/wp-json\/wp\/v2\/media?parent=11530"}],"wp:term":[{"taxonomy":"product_brand","embeddable":true,"href":"https:\/\/4mara.com\/en\/wp-json\/wp\/v2\/product_brand?post=11530"},{"taxonomy":"product_cat","embeddable":true,"href":"https:\/\/4mara.com\/en\/wp-json\/wp\/v2\/product_cat?post=11530"},{"taxonomy":"product_tag","embeddable":true,"href":"https:\/\/4mara.com\/en\/wp-json\/wp\/v2\/product_tag?post=11530"}],"curies":[{"name":"wp","href":"https:\/\/api.w.org\/{rel}","templated":true}]}}