{"id":11496,"date":"2022-02-08T13:28:11","date_gmt":"2022-02-08T13:28:11","guid":{"rendered":"https:\/\/4mara.com\/?post_type=product&#038;p=11496"},"modified":"2025-02-14T10:10:12","modified_gmt":"2025-02-14T10:10:12","slug":"podobne-milosierdziu-ktore-kara-bywa-i-kara-ktora-jest-milosciwa","status":"publish","type":"product","link":"https:\/\/4mara.com\/en\/produkt\/podobne-milosierdziu-ktore-kara-bywa-i-kara-ktora-jest-milosciwa\/","title":{"rendered":"Podobne mi\u0142osierdziu kt\u00f3re kar\u0105 bywa i kara kt\u00f3ra jest mi\u0142o\u015bciwa"},"content":{"rendered":"<p>Obraz malowany na p\u0142\u00f3tnie farbami akrylowymi, zabezpieczony werniksem akrylowym oraz sygnowany przez autora. Wymiary 80 x 100 cm, 2012 rok.<\/p>\n","protected":false},"excerpt":{"rendered":"<p>Obraz malowany na p\u0142\u00f3tnie farbami akrylowymi, zabezpieczony werniksem akrylowym oraz sygnowany przez autora. Wymiary 80 x 100 cm, 2012 rok.<\/p>\n","protected":false},"featured_media":11497,"template":"","meta":{"_seopress_robots_primary_cat":"","_seopress_titles_title":"","_seopress_titles_desc":"Abstrakcyjny obraz na \u015bcian\u0119, roz\u015bwietlaj\u0105cy ka\u017cde wn\u0119trze. Stylowy obraz do salonu czy sypialni. Ukazuje przybitego deskami Anio\u0142a str\u00f3\u017ca. W tle widocznie zaznaczaj\u0105 si\u0119 \u0142aci\u0144skie frazy. Obraz cechuje si\u0119 dba\u0142o\u015bci\u0105 o szczeg\u00f3\u0142y. Dominuj\u0105 zimne odcienie czerni, kontrastuj\u0105ce z bia\u0142ymi elementami.","_seopress_robots_index":"","inline_featured_image":false},"product_brand":[],"product_cat":[19,17],"product_tag":[43,461,437],"class_list":{"0":"post-11496","1":"product","2":"type-product","3":"status-publish","4":"has-post-thumbnail","6":"product_cat-anioly","7":"product_cat-obrazy","8":"product_tag-anioly","9":"product_tag-kara","10":"product_tag-obrazy","11":"","13":"first","14":"instock","15":"taxable","16":"shipping-taxable","17":"purchasable","18":"product-type-variable"},"_links":{"self":[{"href":"https:\/\/4mara.com\/en\/wp-json\/wp\/v2\/product\/11496","targetHints":{"allow":["GET"]}}],"collection":[{"href":"https:\/\/4mara.com\/en\/wp-json\/wp\/v2\/product"}],"about":[{"href":"https:\/\/4mara.com\/en\/wp-json\/wp\/v2\/types\/product"}],"wp:featuredmedia":[{"embeddable":true,"href":"https:\/\/4mara.com\/en\/wp-json\/wp\/v2\/media\/11497"}],"wp:attachment":[{"href":"https:\/\/4mara.com\/en\/wp-json\/wp\/v2\/media?parent=11496"}],"wp:term":[{"taxonomy":"product_brand","embeddable":true,"href":"https:\/\/4mara.com\/en\/wp-json\/wp\/v2\/product_brand?post=11496"},{"taxonomy":"product_cat","embeddable":true,"href":"https:\/\/4mara.com\/en\/wp-json\/wp\/v2\/product_cat?post=11496"},{"taxonomy":"product_tag","embeddable":true,"href":"https:\/\/4mara.com\/en\/wp-json\/wp\/v2\/product_tag?post=11496"}],"curies":[{"name":"wp","href":"https:\/\/api.w.org\/{rel}","templated":true}]}}