{"id":11463,"date":"2022-02-08T13:00:50","date_gmt":"2022-02-08T13:00:50","guid":{"rendered":"https:\/\/4mara.com\/?post_type=product&#038;p=11463"},"modified":"2025-11-14T12:28:18","modified_gmt":"2025-11-14T12:28:18","slug":"pamietaj-o-zachowaniu-rownowagi-w-trudnej-sytuacji","status":"publish","type":"product","link":"https:\/\/4mara.com\/en\/produkt\/pamietaj-o-zachowaniu-rownowagi-w-trudnej-sytuacji\/","title":{"rendered":"Pami\u0119taj o zachowaniu r\u00f3wnowagi w trudnej sytuacji"},"content":{"rendered":"<p>Obraz malowany na p\u0142\u00f3tnie farbami akrylowymi, zabezpieczony werniksem akrylowym oraz sygnowany przez autora. Wymiary 40 x 60 cm, 2012 rok.<\/p>\n","protected":false},"excerpt":{"rendered":"<p>Obraz malowany na p\u0142\u00f3tnie farbami akrylowymi, zabezpieczony werniksem akrylowym oraz sygnowany przez autora. Wymiary 40 x 60 cm, 2012 rok.<\/p>\n","protected":false},"featured_media":11482,"template":"","meta":{"_seopress_robots_primary_cat":"none","_seopress_titles_title":"","_seopress_titles_desc":"Abstrakcyjny obraz na \u015bcian\u0119, nietuzinkowa kompozycja, nadaj\u0105ca charakter ka\u017cdemu wn\u0119trzu. Stylowy obraz do salonu czy sypialni. Przedstawia przygn\u0119bionego Anio\u0142a str\u00f3\u017ca, kt\u00f3ry straci\u0142 swoje anielskie skrzyd\u0142o. Dominuj\u0105 jasne odcienie pomara\u0144czowego, przeplatane z ciemnym t\u0142em.","_seopress_robots_index":"","inline_featured_image":false},"product_brand":[],"product_cat":[19,17],"product_tag":[43,437,460],"class_list":{"0":"post-11463","1":"product","2":"type-product","3":"status-publish","4":"has-post-thumbnail","6":"product_cat-anioly","7":"product_cat-obrazy","8":"product_tag-anioly","9":"product_tag-obrazy","10":"product_tag-rownowaga","11":"","13":"first","14":"instock","15":"taxable","16":"shipping-taxable","17":"purchasable","18":"product-type-variable"},"_links":{"self":[{"href":"https:\/\/4mara.com\/en\/wp-json\/wp\/v2\/product\/11463","targetHints":{"allow":["GET"]}}],"collection":[{"href":"https:\/\/4mara.com\/en\/wp-json\/wp\/v2\/product"}],"about":[{"href":"https:\/\/4mara.com\/en\/wp-json\/wp\/v2\/types\/product"}],"wp:featuredmedia":[{"embeddable":true,"href":"https:\/\/4mara.com\/en\/wp-json\/wp\/v2\/media\/11482"}],"wp:attachment":[{"href":"https:\/\/4mara.com\/en\/wp-json\/wp\/v2\/media?parent=11463"}],"wp:term":[{"taxonomy":"product_brand","embeddable":true,"href":"https:\/\/4mara.com\/en\/wp-json\/wp\/v2\/product_brand?post=11463"},{"taxonomy":"product_cat","embeddable":true,"href":"https:\/\/4mara.com\/en\/wp-json\/wp\/v2\/product_cat?post=11463"},{"taxonomy":"product_tag","embeddable":true,"href":"https:\/\/4mara.com\/en\/wp-json\/wp\/v2\/product_tag?post=11463"}],"curies":[{"name":"wp","href":"https:\/\/api.w.org\/{rel}","templated":true}]}}