{"id":11427,"date":"2022-02-08T12:32:36","date_gmt":"2022-02-08T12:32:36","guid":{"rendered":"https:\/\/4mara.com\/?post_type=product&#038;p=11427"},"modified":"2025-11-14T12:28:58","modified_gmt":"2025-11-14T12:28:58","slug":"nieklopotliwe-klopoty","status":"publish","type":"product","link":"https:\/\/4mara.com\/en\/produkt\/nieklopotliwe-klopoty\/","title":{"rendered":"Niek\u0142opotliwe k\u0142opoty"},"content":{"rendered":"<p>Obraz malowany na p\u0142\u00f3tnie farbami akrylowymi, zabezpieczony werniksem akrylowym oraz sygnowany przez autora. Wymiary 60\u00a0 x 80\u00a0 cm, 2012 rok.<\/p>\n","protected":false},"excerpt":{"rendered":"<p>Obraz malowany na p\u0142\u00f3tnie farbami akrylowymi, zabezpieczony werniksem akrylowym oraz sygnowany przez autora. Wymiary 60\u00a0 x 80\u00a0 cm, 2012 rok.<\/p>\n","protected":false},"featured_media":11448,"template":"","meta":{"_seopress_robots_primary_cat":"none","_seopress_titles_title":"","_seopress_titles_desc":"Niek\u0142opotliwe k\u0142opoty - wiosenna kompozycja, kt\u00f3ra o\u017cywi ka\u017cde pomieszczenie. Stylowy obraz do salonu czy sypialni. Obraz przedstawia stoj\u0105cego po\u015br\u00f3d s\u0142onecznik\u00f3w Anio\u0142a str\u00f3\u017ca, kt\u00f3ry przygl\u0105da si\u0119 ptakowi siedz\u0105cemu na jego ramieniu. Wyst\u0119puj\u0105 drobne, szczeg\u00f3\u0142owe elementy. Dominuj\u0105 ciep\u0142e, \u017cywe barwy.","_seopress_robots_index":"","inline_featured_image":false},"product_brand":[],"product_cat":[19,17],"product_tag":[43,459,437],"class_list":{"0":"post-11427","1":"product","2":"type-product","3":"status-publish","4":"has-post-thumbnail","6":"product_cat-anioly","7":"product_cat-obrazy","8":"product_tag-anioly","9":"product_tag-klopot","10":"product_tag-obrazy","11":"","13":"first","14":"instock","15":"taxable","16":"shipping-taxable","17":"purchasable","18":"product-type-variable"},"_links":{"self":[{"href":"https:\/\/4mara.com\/en\/wp-json\/wp\/v2\/product\/11427","targetHints":{"allow":["GET"]}}],"collection":[{"href":"https:\/\/4mara.com\/en\/wp-json\/wp\/v2\/product"}],"about":[{"href":"https:\/\/4mara.com\/en\/wp-json\/wp\/v2\/types\/product"}],"wp:featuredmedia":[{"embeddable":true,"href":"https:\/\/4mara.com\/en\/wp-json\/wp\/v2\/media\/11448"}],"wp:attachment":[{"href":"https:\/\/4mara.com\/en\/wp-json\/wp\/v2\/media?parent=11427"}],"wp:term":[{"taxonomy":"product_brand","embeddable":true,"href":"https:\/\/4mara.com\/en\/wp-json\/wp\/v2\/product_brand?post=11427"},{"taxonomy":"product_cat","embeddable":true,"href":"https:\/\/4mara.com\/en\/wp-json\/wp\/v2\/product_cat?post=11427"},{"taxonomy":"product_tag","embeddable":true,"href":"https:\/\/4mara.com\/en\/wp-json\/wp\/v2\/product_tag?post=11427"}],"curies":[{"name":"wp","href":"https:\/\/api.w.org\/{rel}","templated":true}]}}