{"id":11393,"date":"2022-02-08T12:04:29","date_gmt":"2022-02-08T12:04:29","guid":{"rendered":"https:\/\/4mara.com\/?post_type=product&#038;p=11393"},"modified":"2025-11-14T12:29:37","modified_gmt":"2025-11-14T12:29:37","slug":"najnieszczesliwszym-rodzajem-niepowodzen-jest-to-ze-sie-bylo-szczesliwym","status":"publish","type":"product","link":"https:\/\/4mara.com\/en\/produkt\/najnieszczesliwszym-rodzajem-niepowodzen-jest-to-ze-sie-bylo-szczesliwym\/","title":{"rendered":"Najnieszcz\u0119\u015bliwszym rodzajem niepowodze\u0144 jest to, \u017ce si\u0119 by\u0142o szcz\u0119\u015bliwym"},"content":{"rendered":"<p>Obraz malowany na p\u0142\u00f3tnie farbami akrylowymi, zabezpieczony werniksem akrylowym oraz sygnowany przez autora. Wymiary 50 x 100\u00a0 cm, 2012 rok.<\/p>\n","protected":false},"excerpt":{"rendered":"<p>Obraz malowany na p\u0142\u00f3tnie farbami akrylowymi, zabezpieczony werniksem akrylowym oraz sygnowany przez autora. Wymiary 50 x 100\u00a0 cm, 2012 rok.<\/p>\n","protected":false},"featured_media":11412,"template":"","meta":{"_seopress_robots_primary_cat":"none","_seopress_titles_title":"","_seopress_titles_desc":"Abstrakcyjny obraz na \u015bcian\u0119, nietuzinkowa kompozycja, o\u017cywiaj\u0105ca ka\u017cde wn\u0119trze. Stylowy obraz do salonu czy sypialni. Ukazuje stoj\u0105cego po\u015br\u00f3d wiatrak\u00f3w polnych Anio\u0142a str\u00f3\u017ca, kt\u00f3ry pr\u00f3buje si\u0119 do nich upodobni\u0107. Wyst\u0119puj\u0105 drobne, szczeg\u00f3\u0142owe elementy. Dominuj\u0105 ciep\u0142e barwy.","_seopress_robots_index":"","inline_featured_image":false},"product_brand":[],"product_cat":[19,17],"product_tag":[43,458,437],"class_list":{"0":"post-11393","1":"product","2":"type-product","3":"status-publish","4":"has-post-thumbnail","6":"product_cat-anioly","7":"product_cat-obrazy","8":"product_tag-anioly","9":"product_tag-niepowodzenie","10":"product_tag-obrazy","11":"","13":"first","14":"instock","15":"taxable","16":"shipping-taxable","17":"purchasable","18":"product-type-variable"},"_links":{"self":[{"href":"https:\/\/4mara.com\/en\/wp-json\/wp\/v2\/product\/11393","targetHints":{"allow":["GET"]}}],"collection":[{"href":"https:\/\/4mara.com\/en\/wp-json\/wp\/v2\/product"}],"about":[{"href":"https:\/\/4mara.com\/en\/wp-json\/wp\/v2\/types\/product"}],"wp:featuredmedia":[{"embeddable":true,"href":"https:\/\/4mara.com\/en\/wp-json\/wp\/v2\/media\/11412"}],"wp:attachment":[{"href":"https:\/\/4mara.com\/en\/wp-json\/wp\/v2\/media?parent=11393"}],"wp:term":[{"taxonomy":"product_brand","embeddable":true,"href":"https:\/\/4mara.com\/en\/wp-json\/wp\/v2\/product_brand?post=11393"},{"taxonomy":"product_cat","embeddable":true,"href":"https:\/\/4mara.com\/en\/wp-json\/wp\/v2\/product_cat?post=11393"},{"taxonomy":"product_tag","embeddable":true,"href":"https:\/\/4mara.com\/en\/wp-json\/wp\/v2\/product_tag?post=11393"}],"curies":[{"name":"wp","href":"https:\/\/api.w.org\/{rel}","templated":true}]}}