{"id":11359,"date":"2022-02-08T11:45:44","date_gmt":"2022-02-08T11:45:44","guid":{"rendered":"https:\/\/4mara.com\/?post_type=product&#038;p=11359"},"modified":"2025-11-14T12:30:18","modified_gmt":"2025-11-14T12:30:18","slug":"mala-wyspa-wielkiej-milosci","status":"publish","type":"product","link":"https:\/\/4mara.com\/en\/produkt\/mala-wyspa-wielkiej-milosci\/","title":{"rendered":"Ma\u0142a wyspa wielkiej mi\u0142o\u015bci"},"content":{"rendered":"<p>Obraz malowany na p\u0142\u00f3tnie farbami akrylowymi, zabezpieczony werniksem akrylowym oraz sygnowany przez autora. Wymiary 80 x 100 cm, 2012 rok.<\/p>\n","protected":false},"excerpt":{"rendered":"<p>Obraz malowany na p\u0142\u00f3tnie farbami akrylowymi, zabezpieczony werniksem akrylowym oraz sygnowany przez autora. Wymiary 80 x 100 cm, 2012 rok.<\/p>\n","protected":false},"featured_media":11378,"template":"","meta":{"_seopress_robots_primary_cat":"none","_seopress_titles_title":"","_seopress_titles_desc":"Ma\u0142a wyspa wielkiej mi\u0142o\u015bci - abstrakcyjny obraz na \u015bcian\u0119, nietuzinkowa kompozycja, o\u017cywiaj\u0105ca ka\u017cde wn\u0119trze. Przedstawia dwa, trzymaj\u0105ce si\u0119 za d\u0142onie anio\u0142y, stoj\u0105ce na ma\u0142ej wysepce, po\u015brodku oceanu. Wyst\u0119puj\u0105 drobne, szczeg\u00f3\u0142owe elementy. Dominuj\u0105 ciep\u0142e barwy, kontrastuj\u0105ce z ciemnoniebieskim t\u0142em.","_seopress_robots_index":"","inline_featured_image":false},"product_brand":[],"product_cat":[19,17],"product_tag":[43,55,437],"class_list":{"0":"post-11359","1":"product","2":"type-product","3":"status-publish","4":"has-post-thumbnail","6":"product_cat-anioly","7":"product_cat-obrazy","8":"product_tag-anioly","9":"product_tag-milosc","10":"product_tag-obrazy","11":"","13":"first","14":"instock","15":"taxable","16":"shipping-taxable","17":"purchasable","18":"product-type-variable"},"_links":{"self":[{"href":"https:\/\/4mara.com\/en\/wp-json\/wp\/v2\/product\/11359","targetHints":{"allow":["GET"]}}],"collection":[{"href":"https:\/\/4mara.com\/en\/wp-json\/wp\/v2\/product"}],"about":[{"href":"https:\/\/4mara.com\/en\/wp-json\/wp\/v2\/types\/product"}],"wp:featuredmedia":[{"embeddable":true,"href":"https:\/\/4mara.com\/en\/wp-json\/wp\/v2\/media\/11378"}],"wp:attachment":[{"href":"https:\/\/4mara.com\/en\/wp-json\/wp\/v2\/media?parent=11359"}],"wp:term":[{"taxonomy":"product_brand","embeddable":true,"href":"https:\/\/4mara.com\/en\/wp-json\/wp\/v2\/product_brand?post=11359"},{"taxonomy":"product_cat","embeddable":true,"href":"https:\/\/4mara.com\/en\/wp-json\/wp\/v2\/product_cat?post=11359"},{"taxonomy":"product_tag","embeddable":true,"href":"https:\/\/4mara.com\/en\/wp-json\/wp\/v2\/product_tag?post=11359"}],"curies":[{"name":"wp","href":"https:\/\/api.w.org\/{rel}","templated":true}]}}