{"id":11291,"date":"2022-02-08T11:15:10","date_gmt":"2022-02-08T11:15:10","guid":{"rendered":"https:\/\/4mara.com\/?post_type=product&#038;p=11291"},"modified":"2025-11-14T12:32:22","modified_gmt":"2025-11-14T12:32:22","slug":"czas-na-narade","status":"publish","type":"product","link":"https:\/\/4mara.com\/en\/produkt\/czas-na-narade\/","title":{"rendered":"Czas na narad\u0119"},"content":{"rendered":"<p>Obraz malowany na p\u0142\u00f3tnie farbami akrylowymi, zabezpieczony werniksem akrylowym oraz sygnowany przez autora. Wymiary 60 x 80 cm, 2012 rok.<\/p>\n","protected":false},"excerpt":{"rendered":"<p>Obraz malowany na p\u0142\u00f3tnie farbami akrylowymi, zabezpieczony werniksem akrylowym oraz sygnowany przez autora. Wymiary 60 x 80 cm, 2012 rok.<\/p>\n","protected":false},"featured_media":11310,"template":"","meta":{"_seopress_robots_primary_cat":"none","_seopress_titles_title":"","_seopress_titles_desc":"Czas na narad\u0119 - zachwycaj\u0105ca, bogato zdobiona kompozycja. Stylowy obraz do salonu czy sypialni. P\u0142otno ukazuje Anio\u0142a str\u00f3\u017ca, sk\u0142adaj\u0105cego si\u0119 z drobnych, b\u0142yszcz\u0105cych element\u00f3w. Ca\u0142o\u015b\u0107 dope\u0142nia nakrycie g\u0142owy w kszta\u0142cie muszli. Dominuj\u0105 ciep\u0142e odcienie, z przewag\u0105 br\u0105zu i z\u0142ota.","_seopress_robots_index":"","inline_featured_image":false},"product_brand":[],"product_cat":[19,17],"product_tag":[43,105,437],"class_list":{"0":"post-11291","1":"product","2":"type-product","3":"status-publish","4":"has-post-thumbnail","6":"product_cat-anioly","7":"product_cat-obrazy","8":"product_tag-anioly","9":"product_tag-czas","10":"product_tag-obrazy","11":"","13":"first","14":"instock","15":"taxable","16":"shipping-taxable","17":"purchasable","18":"product-type-variable"},"_links":{"self":[{"href":"https:\/\/4mara.com\/en\/wp-json\/wp\/v2\/product\/11291","targetHints":{"allow":["GET"]}}],"collection":[{"href":"https:\/\/4mara.com\/en\/wp-json\/wp\/v2\/product"}],"about":[{"href":"https:\/\/4mara.com\/en\/wp-json\/wp\/v2\/types\/product"}],"wp:featuredmedia":[{"embeddable":true,"href":"https:\/\/4mara.com\/en\/wp-json\/wp\/v2\/media\/11310"}],"wp:attachment":[{"href":"https:\/\/4mara.com\/en\/wp-json\/wp\/v2\/media?parent=11291"}],"wp:term":[{"taxonomy":"product_brand","embeddable":true,"href":"https:\/\/4mara.com\/en\/wp-json\/wp\/v2\/product_brand?post=11291"},{"taxonomy":"product_cat","embeddable":true,"href":"https:\/\/4mara.com\/en\/wp-json\/wp\/v2\/product_cat?post=11291"},{"taxonomy":"product_tag","embeddable":true,"href":"https:\/\/4mara.com\/en\/wp-json\/wp\/v2\/product_tag?post=11291"}],"curies":[{"name":"wp","href":"https:\/\/api.w.org\/{rel}","templated":true}]}}