{"id":11256,"date":"2022-02-08T08:46:15","date_gmt":"2022-02-08T08:46:15","guid":{"rendered":"https:\/\/4mara.com\/?post_type=product&#038;p=11256"},"modified":"2025-11-14T12:32:57","modified_gmt":"2025-11-14T12:32:57","slug":"kreta-grecja","status":"publish","type":"product","link":"https:\/\/4mara.com\/en\/produkt\/kreta-grecja\/","title":{"rendered":"Kreta Grecja"},"content":{"rendered":"<p>Obraz malowany na p\u0142\u00f3tnie farbami akrylowymi, zabezpieczony werniksem akrylowym oraz sygnowany przez autora. Wymiary 60\u00a0 x 30 cm, 2020 rok.<\/p>\n","protected":false},"excerpt":{"rendered":"<p>Obraz malowany na p\u0142\u00f3tnie farbami akrylowymi, zabezpieczony werniksem akrylowym oraz sygnowany przez autora. Wymiary 60\u00a0 x 30 cm, 2020 rok.<\/p>\n","protected":false},"featured_media":11275,"template":"","meta":{"_seopress_robots_primary_cat":"none","_seopress_titles_title":"","_seopress_titles_desc":"Kreta. Grecja \u2013 wakacyjny, stylowy widok na lazur niewzburzonego Morza \u015ar\u00f3dziemnego. Letnia, bezchmurna pogoda dominuje na wyspie Krecie. Obraz pokrywaj\u0105 wszystkie odcienie niebieskiego.\u00a0 \u00a0","_seopress_robots_index":"","inline_featured_image":false},"product_brand":[],"product_cat":[21,17],"product_tag":[99,137,437],"class_list":{"0":"post-11256","1":"product","2":"type-product","3":"status-publish","4":"has-post-thumbnail","6":"product_cat-architektura","7":"product_cat-obrazy","8":"product_tag-architektura","9":"product_tag-grecja","10":"product_tag-obrazy","11":"","13":"first","14":"instock","15":"taxable","16":"shipping-taxable","17":"purchasable","18":"product-type-variable"},"_links":{"self":[{"href":"https:\/\/4mara.com\/en\/wp-json\/wp\/v2\/product\/11256","targetHints":{"allow":["GET"]}}],"collection":[{"href":"https:\/\/4mara.com\/en\/wp-json\/wp\/v2\/product"}],"about":[{"href":"https:\/\/4mara.com\/en\/wp-json\/wp\/v2\/types\/product"}],"wp:featuredmedia":[{"embeddable":true,"href":"https:\/\/4mara.com\/en\/wp-json\/wp\/v2\/media\/11275"}],"wp:attachment":[{"href":"https:\/\/4mara.com\/en\/wp-json\/wp\/v2\/media?parent=11256"}],"wp:term":[{"taxonomy":"product_brand","embeddable":true,"href":"https:\/\/4mara.com\/en\/wp-json\/wp\/v2\/product_brand?post=11256"},{"taxonomy":"product_cat","embeddable":true,"href":"https:\/\/4mara.com\/en\/wp-json\/wp\/v2\/product_cat?post=11256"},{"taxonomy":"product_tag","embeddable":true,"href":"https:\/\/4mara.com\/en\/wp-json\/wp\/v2\/product_tag?post=11256"}],"curies":[{"name":"wp","href":"https:\/\/api.w.org\/{rel}","templated":true}]}}