{"id":11221,"date":"2022-02-07T14:05:19","date_gmt":"2022-02-07T14:05:19","guid":{"rendered":"https:\/\/4mara.com\/?post_type=product&#038;p=11221"},"modified":"2025-11-14T12:33:44","modified_gmt":"2025-11-14T12:33:44","slug":"latarnia-morska-santa-crus-wolton-luba","status":"publish","type":"product","link":"https:\/\/4mara.com\/en\/produkt\/latarnia-morska-santa-crus-wolton-luba\/","title":{"rendered":"Latarnia morska Santa Cruz Walton Luba"},"content":{"rendered":"<p>Obraz malowany na p\u0142\u00f3tnie farbami akrylowymi, zabezpieczony werniksem akrylowym oraz sygnowany przez autora. Wymiary 120 x 100 cm, 2020 rok.<\/p>\n","protected":false},"excerpt":{"rendered":"<p>Obraz malowany na p\u0142\u00f3tnie farbami akrylowymi, zabezpieczony werniksem akrylowym oraz sygnowany przez autora. Wymiary 120 x 100 cm, 2020 rok.<\/p>\n","protected":false},"featured_media":11240,"template":"","meta":{"_seopress_robots_primary_cat":"none","_seopress_titles_title":"","_seopress_titles_desc":"Latarnia morska Santa Cruz Walton Luba - w zimowej, mro\u017anie aurze ukazana jest latarnia morska blisko Santa Cruz w Kalifornii. Plastyczno\u015bci obrazu dodaje poruszaj\u0105cy si\u0119 wiatr i ciemne kolory, z dominuj\u0105cym szarym odcieniem. \u00a0","_seopress_robots_index":"","inline_featured_image":false},"product_brand":[],"product_cat":[21,17],"product_tag":[99,171,437],"class_list":{"0":"post-11221","1":"product","2":"type-product","3":"status-publish","4":"has-post-thumbnail","6":"product_cat-architektura","7":"product_cat-obrazy","8":"product_tag-architektura","9":"product_tag-latarnia","10":"product_tag-obrazy","11":"","13":"first","14":"instock","15":"taxable","16":"shipping-taxable","17":"purchasable","18":"product-type-variable"},"_links":{"self":[{"href":"https:\/\/4mara.com\/en\/wp-json\/wp\/v2\/product\/11221","targetHints":{"allow":["GET"]}}],"collection":[{"href":"https:\/\/4mara.com\/en\/wp-json\/wp\/v2\/product"}],"about":[{"href":"https:\/\/4mara.com\/en\/wp-json\/wp\/v2\/types\/product"}],"wp:featuredmedia":[{"embeddable":true,"href":"https:\/\/4mara.com\/en\/wp-json\/wp\/v2\/media\/11240"}],"wp:attachment":[{"href":"https:\/\/4mara.com\/en\/wp-json\/wp\/v2\/media?parent=11221"}],"wp:term":[{"taxonomy":"product_brand","embeddable":true,"href":"https:\/\/4mara.com\/en\/wp-json\/wp\/v2\/product_brand?post=11221"},{"taxonomy":"product_cat","embeddable":true,"href":"https:\/\/4mara.com\/en\/wp-json\/wp\/v2\/product_cat?post=11221"},{"taxonomy":"product_tag","embeddable":true,"href":"https:\/\/4mara.com\/en\/wp-json\/wp\/v2\/product_tag?post=11221"}],"curies":[{"name":"wp","href":"https:\/\/api.w.org\/{rel}","templated":true}]}}