{"id":11186,"date":"2022-02-07T13:49:55","date_gmt":"2022-02-07T13:49:55","guid":{"rendered":"https:\/\/4mara.com\/?post_type=product&#038;p=11186"},"modified":"2025-11-14T12:35:57","modified_gmt":"2025-11-14T12:35:57","slug":"latarnia-morska-andors-grecja","status":"publish","type":"product","link":"https:\/\/4mara.com\/en\/produkt\/latarnia-morska-andors-grecja\/","title":{"rendered":"Latarnia morska Andros Grecja"},"content":{"rendered":"<p>Obraz malowany na p\u0142\u00f3tnie farbami akrylowymi, zabezpieczony werniksem akrylowym oraz sygnowany przez autora. Wymiary 48 x 80 cm, 2019 rok.<\/p>\n","protected":false},"excerpt":{"rendered":"<p>Obraz malowany na p\u0142\u00f3tnie farbami akrylowymi, zabezpieczony werniksem akrylowym oraz sygnowany przez autora. Wymiary 48 x 80 cm, 2019 rok.<\/p>\n","protected":false},"featured_media":11206,"template":"","meta":{"_seopress_robots_primary_cat":"none","_seopress_titles_title":"","_seopress_titles_desc":"Latarnia morska Andros Grecja \u2013 obraz przedstawia latarnie morsk\u0105, kt\u00f3ra znajduje si\u0119 na najdalej na p\u00f3\u0142noc wysuni\u0119tej wyspie w Grecji. Wida\u0107 Morze Egejskie, kt\u00f3re \u0142\u0105czy si\u0119 z lazurowym, bezchmurnym niebem.","_seopress_robots_index":"","inline_featured_image":false},"product_brand":[],"product_cat":[21,17],"product_tag":[99,171,437],"class_list":{"0":"post-11186","1":"product","2":"type-product","3":"status-publish","4":"has-post-thumbnail","6":"product_cat-architektura","7":"product_cat-obrazy","8":"product_tag-architektura","9":"product_tag-latarnia","10":"product_tag-obrazy","11":"","13":"first","14":"instock","15":"taxable","16":"shipping-taxable","17":"purchasable","18":"product-type-variable"},"_links":{"self":[{"href":"https:\/\/4mara.com\/en\/wp-json\/wp\/v2\/product\/11186","targetHints":{"allow":["GET"]}}],"collection":[{"href":"https:\/\/4mara.com\/en\/wp-json\/wp\/v2\/product"}],"about":[{"href":"https:\/\/4mara.com\/en\/wp-json\/wp\/v2\/types\/product"}],"wp:featuredmedia":[{"embeddable":true,"href":"https:\/\/4mara.com\/en\/wp-json\/wp\/v2\/media\/11206"}],"wp:attachment":[{"href":"https:\/\/4mara.com\/en\/wp-json\/wp\/v2\/media?parent=11186"}],"wp:term":[{"taxonomy":"product_brand","embeddable":true,"href":"https:\/\/4mara.com\/en\/wp-json\/wp\/v2\/product_brand?post=11186"},{"taxonomy":"product_cat","embeddable":true,"href":"https:\/\/4mara.com\/en\/wp-json\/wp\/v2\/product_cat?post=11186"},{"taxonomy":"product_tag","embeddable":true,"href":"https:\/\/4mara.com\/en\/wp-json\/wp\/v2\/product_tag?post=11186"}],"curies":[{"name":"wp","href":"https:\/\/api.w.org\/{rel}","templated":true}]}}