{"id":11122,"date":"2022-02-07T12:08:12","date_gmt":"2022-02-07T12:08:12","guid":{"rendered":"https:\/\/4mara.com\/?post_type=product&#038;p=11122"},"modified":"2025-11-14T12:39:01","modified_gmt":"2025-11-14T12:39:01","slug":"kotek-i-motyle","status":"publish","type":"product","link":"https:\/\/4mara.com\/en\/produkt\/kotek-i-motyle\/","title":{"rendered":"Kotek i motyle"},"content":{"rendered":"<p>Obraz malowany na p\u0142\u00f3tnie farbami akrylowymi, zabezpieczony werniksem akrylowym oraz sygnowany przez autora. Wymiary:\u00a0 35\u00a0 x\u00a0 25 cm, 2012 rok.<\/p>\n","protected":false},"excerpt":{"rendered":"<p>Obraz malowany na p\u0142\u00f3tnie farbami akrylowymi, zabezpieczony werniksem akrylowym oraz sygnowany przez autora. Wymiary:\u00a0 35\u00a0 x\u00a0 25 cm, 2012 rok.<\/p>\n","protected":false},"featured_media":11123,"template":"","meta":{"_seopress_robots_primary_cat":"none","_seopress_titles_title":"","_seopress_titles_desc":"Kotek i motyle \u2013 p\u0142\u00f3tno przedstawia ty\u0142em odwr\u00f3conego kotka otoczonego przez stado motyli, kt\u00f3re tworz\u0105 spirale. Jego postura cia\u0142a wskazuje na zaciekawienie, zainteresowanie czym\u015b niewidocznym na obrazie. Dominuj\u0105cymi odcieniami na p\u0142\u00f3tnie s\u0105 ciep\u0142e br\u0105zy i \u017c\u00f3\u0142cie. \u00a0","_seopress_robots_index":"","inline_featured_image":false},"product_brand":[],"product_cat":[122,17],"product_tag":[110,410,437],"class_list":{"0":"post-11122","1":"product","2":"type-product","3":"status-publish","4":"has-post-thumbnail","6":"product_cat-koty","7":"product_cat-obrazy","8":"product_tag-koty","9":"product_tag-motyl","10":"product_tag-obrazy","11":"","13":"first","14":"instock","15":"taxable","16":"shipping-taxable","17":"purchasable","18":"product-type-variable"},"_links":{"self":[{"href":"https:\/\/4mara.com\/en\/wp-json\/wp\/v2\/product\/11122","targetHints":{"allow":["GET"]}}],"collection":[{"href":"https:\/\/4mara.com\/en\/wp-json\/wp\/v2\/product"}],"about":[{"href":"https:\/\/4mara.com\/en\/wp-json\/wp\/v2\/types\/product"}],"wp:featuredmedia":[{"embeddable":true,"href":"https:\/\/4mara.com\/en\/wp-json\/wp\/v2\/media\/11123"}],"wp:attachment":[{"href":"https:\/\/4mara.com\/en\/wp-json\/wp\/v2\/media?parent=11122"}],"wp:term":[{"taxonomy":"product_brand","embeddable":true,"href":"https:\/\/4mara.com\/en\/wp-json\/wp\/v2\/product_brand?post=11122"},{"taxonomy":"product_cat","embeddable":true,"href":"https:\/\/4mara.com\/en\/wp-json\/wp\/v2\/product_cat?post=11122"},{"taxonomy":"product_tag","embeddable":true,"href":"https:\/\/4mara.com\/en\/wp-json\/wp\/v2\/product_tag?post=11122"}],"curies":[{"name":"wp","href":"https:\/\/api.w.org\/{rel}","templated":true}]}}