{"id":11091,"date":"2022-02-07T11:54:54","date_gmt":"2022-02-07T11:54:54","guid":{"rendered":"https:\/\/4mara.com\/?post_type=product&#038;p=11091"},"modified":"2025-11-14T12:39:50","modified_gmt":"2025-11-14T12:39:50","slug":"koty-i-milosc","status":"publish","type":"product","link":"https:\/\/4mara.com\/en\/produkt\/koty-i-milosc\/","title":{"rendered":"Koty i mi\u0142o\u015b\u0107"},"content":{"rendered":"<p>Obraz malowany na p\u0142\u00f3tnie farbami akrylowymi, zabezpieczony werniksem akrylowym oraz sygnowany przez autora. Wymiary 27\u00a0 x\u00a0 35 cm, 2012 rok.<\/p>\n","protected":false},"excerpt":{"rendered":"<p>Obraz malowany na p\u0142\u00f3tnie farbami akrylowymi, zabezpieczony werniksem akrylowym oraz sygnowany przez autora. Wymiary 27\u00a0 x\u00a0 35 cm, 2012 rok.<\/p>\n","protected":false},"featured_media":11110,"template":"","meta":{"_seopress_robots_primary_cat":"none","_seopress_titles_title":"","_seopress_titles_desc":"Koty i mi\u0142o\u015b\u0107 \u2013 na p\u0142\u00f3tnie przedstawiono przytulaj\u0105ce si\u0119 koty, siedz\u0105ce na ga\u0142\u0119zi drzewa. Z zaciekawieniem spogl\u0105daj\u0105 na co\u015b spoza obrazu. Ich cia\u0142a s\u0105 podzielone, tworz\u0105c mozaik\u0119. Dominuj\u0105cymi odcieniami na p\u0142\u00f3tnie s\u0105 ciep\u0142e br\u0105zy i \u017c\u00f3\u0142cie. \u00a0","_seopress_robots_index":"","inline_featured_image":false},"product_brand":[],"product_cat":[122,17],"product_tag":[110,55,437],"class_list":{"0":"post-11091","1":"product","2":"type-product","3":"status-publish","4":"has-post-thumbnail","6":"product_cat-koty","7":"product_cat-obrazy","8":"product_tag-koty","9":"product_tag-milosc","10":"product_tag-obrazy","11":"","13":"first","14":"instock","15":"taxable","16":"shipping-taxable","17":"purchasable","18":"product-type-variable"},"_links":{"self":[{"href":"https:\/\/4mara.com\/en\/wp-json\/wp\/v2\/product\/11091","targetHints":{"allow":["GET"]}}],"collection":[{"href":"https:\/\/4mara.com\/en\/wp-json\/wp\/v2\/product"}],"about":[{"href":"https:\/\/4mara.com\/en\/wp-json\/wp\/v2\/types\/product"}],"wp:featuredmedia":[{"embeddable":true,"href":"https:\/\/4mara.com\/en\/wp-json\/wp\/v2\/media\/11110"}],"wp:attachment":[{"href":"https:\/\/4mara.com\/en\/wp-json\/wp\/v2\/media?parent=11091"}],"wp:term":[{"taxonomy":"product_brand","embeddable":true,"href":"https:\/\/4mara.com\/en\/wp-json\/wp\/v2\/product_brand?post=11091"},{"taxonomy":"product_cat","embeddable":true,"href":"https:\/\/4mara.com\/en\/wp-json\/wp\/v2\/product_cat?post=11091"},{"taxonomy":"product_tag","embeddable":true,"href":"https:\/\/4mara.com\/en\/wp-json\/wp\/v2\/product_tag?post=11091"}],"curies":[{"name":"wp","href":"https:\/\/api.w.org\/{rel}","templated":true}]}}