{"id":11059,"date":"2022-02-07T11:29:53","date_gmt":"2022-02-07T11:29:53","guid":{"rendered":"https:\/\/4mara.com\/?post_type=product&#038;p=11059"},"modified":"2025-11-14T12:40:31","modified_gmt":"2025-11-14T12:40:31","slug":"czulosc-3","status":"publish","type":"product","link":"https:\/\/4mara.com\/en\/produkt\/czulosc-3\/","title":{"rendered":"Czu\u0142o\u015b\u0107 3"},"content":{"rendered":"<p>Obraz malowany na p\u0142\u00f3tnie farbami akrylowymi, zabezpieczony werniksem akrylowym oraz sygnowany przez autora. Wymiary 25\u00a0 x 35 cm, 2011 rok.<\/p>\n","protected":false},"excerpt":{"rendered":"<p>Obraz malowany na p\u0142\u00f3tnie farbami akrylowymi, zabezpieczony werniksem akrylowym oraz sygnowany przez autora. Wymiary 25\u00a0 x 35 cm, 2011 rok.<\/p>\n","protected":false},"featured_media":11078,"template":"","meta":{"_seopress_robots_primary_cat":"none","_seopress_titles_title":"","_seopress_titles_desc":"Czu\u0142o\u015b\u0107 3 \u2013 p\u0142\u00f3tno ukazuje dwa przytulaj\u0105ce si\u0119 koty; jeden w kolorze pomara\u0144czowym, drugi w niebieskich odcieniach. Okazuj\u0105 sobie zainteresowanie i mi\u0142o\u015b\u0107 stykaj\u0105c si\u0119 nosami. Ich cia\u0142a s\u0105 podzielone, tworz\u0105c mozaik\u0119. Dominuj\u0105cymi odcieniami na obrazie s\u0105 szary oraz czarny, kt\u00f3re kontrastuj\u0105 z kolorami kotk\u00f3w. \u00a0","_seopress_robots_index":"","inline_featured_image":false},"product_brand":[],"product_cat":[122,17],"product_tag":[457,110,437],"class_list":{"0":"post-11059","1":"product","2":"type-product","3":"status-publish","4":"has-post-thumbnail","6":"product_cat-koty","7":"product_cat-obrazy","8":"product_tag-czulosc","9":"product_tag-koty","10":"product_tag-obrazy","11":"","13":"first","14":"instock","15":"taxable","16":"shipping-taxable","17":"purchasable","18":"product-type-variable"},"_links":{"self":[{"href":"https:\/\/4mara.com\/en\/wp-json\/wp\/v2\/product\/11059","targetHints":{"allow":["GET"]}}],"collection":[{"href":"https:\/\/4mara.com\/en\/wp-json\/wp\/v2\/product"}],"about":[{"href":"https:\/\/4mara.com\/en\/wp-json\/wp\/v2\/types\/product"}],"wp:featuredmedia":[{"embeddable":true,"href":"https:\/\/4mara.com\/en\/wp-json\/wp\/v2\/media\/11078"}],"wp:attachment":[{"href":"https:\/\/4mara.com\/en\/wp-json\/wp\/v2\/media?parent=11059"}],"wp:term":[{"taxonomy":"product_brand","embeddable":true,"href":"https:\/\/4mara.com\/en\/wp-json\/wp\/v2\/product_brand?post=11059"},{"taxonomy":"product_cat","embeddable":true,"href":"https:\/\/4mara.com\/en\/wp-json\/wp\/v2\/product_cat?post=11059"},{"taxonomy":"product_tag","embeddable":true,"href":"https:\/\/4mara.com\/en\/wp-json\/wp\/v2\/product_tag?post=11059"}],"curies":[{"name":"wp","href":"https:\/\/api.w.org\/{rel}","templated":true}]}}