{"id":11005,"date":"2022-02-07T11:09:55","date_gmt":"2022-02-07T11:09:55","guid":{"rendered":"https:\/\/4mara.com\/?post_type=product&#038;p=11005"},"modified":"2025-11-14T12:41:14","modified_gmt":"2025-11-14T12:41:14","slug":"czulosc-2","status":"publish","type":"product","link":"https:\/\/4mara.com\/en\/produkt\/czulosc-2\/","title":{"rendered":"Czu\u0142o\u015b\u0107 2"},"content":{"rendered":"<p>Obraz malowany na p\u0142\u00f3tnie farbami akrylowymi, zabezpieczony werniksem akrylowym oraz sygnowany przez autora. Wymiary 65\u00a0 x 46 cm, 2011 rok.<\/p>\n","protected":false},"excerpt":{"rendered":"<p>Obraz malowany na p\u0142\u00f3tnie farbami akrylowymi, zabezpieczony werniksem akrylowym oraz sygnowany przez autora. Wymiary 65\u00a0 x 46 cm, 2011 rok.<\/p>\n","protected":false},"featured_media":11057,"template":"","meta":{"_seopress_robots_primary_cat":"none","_seopress_titles_title":"","_seopress_titles_desc":"Czu\u0142o\u015b\u0107 2 \u2013 p\u0142\u00f3tno ukazuje dwa przytulaj\u0105ce si\u0119 koty w abstrakcyjnym stylu, symbolizuj\u0105ce jedno\u015b\u0107 Yin-Yang, jeden w kolorze czarnym, drugi w kolorze bia\u0142ym. Bajkowo\u015bci dodaj\u0105 subtelne poci\u0105gni\u0119cia p\u0119dzlem, przypominaj\u0105ce ruch wiatru. Dominuj\u0105ce s\u0105 odcienie szaro\u015bci. \u00a0","_seopress_robots_index":"","inline_featured_image":false},"product_brand":[],"product_cat":[122,17],"product_tag":[457,110,437],"class_list":{"0":"post-11005","1":"product","2":"type-product","3":"status-publish","4":"has-post-thumbnail","6":"product_cat-koty","7":"product_cat-obrazy","8":"product_tag-czulosc","9":"product_tag-koty","10":"product_tag-obrazy","11":"","13":"first","14":"instock","15":"taxable","16":"shipping-taxable","17":"purchasable","18":"product-type-variable"},"_links":{"self":[{"href":"https:\/\/4mara.com\/en\/wp-json\/wp\/v2\/product\/11005","targetHints":{"allow":["GET"]}}],"collection":[{"href":"https:\/\/4mara.com\/en\/wp-json\/wp\/v2\/product"}],"about":[{"href":"https:\/\/4mara.com\/en\/wp-json\/wp\/v2\/types\/product"}],"wp:featuredmedia":[{"embeddable":true,"href":"https:\/\/4mara.com\/en\/wp-json\/wp\/v2\/media\/11057"}],"wp:attachment":[{"href":"https:\/\/4mara.com\/en\/wp-json\/wp\/v2\/media?parent=11005"}],"wp:term":[{"taxonomy":"product_brand","embeddable":true,"href":"https:\/\/4mara.com\/en\/wp-json\/wp\/v2\/product_brand?post=11005"},{"taxonomy":"product_cat","embeddable":true,"href":"https:\/\/4mara.com\/en\/wp-json\/wp\/v2\/product_cat?post=11005"},{"taxonomy":"product_tag","embeddable":true,"href":"https:\/\/4mara.com\/en\/wp-json\/wp\/v2\/product_tag?post=11005"}],"curies":[{"name":"wp","href":"https:\/\/api.w.org\/{rel}","templated":true}]}}