{"id":10971,"date":"2022-02-07T09:09:10","date_gmt":"2022-02-07T09:09:10","guid":{"rendered":"https:\/\/4mara.com\/?post_type=product&#038;p=10971"},"modified":"2025-11-14T12:42:44","modified_gmt":"2025-11-14T12:42:44","slug":"palac-bukowiec","status":"publish","type":"product","link":"https:\/\/4mara.com\/en\/produkt\/palac-bukowiec\/","title":{"rendered":"Pa\u0142ac Bukowiec"},"content":{"rendered":"<p>Obraz malowany na p\u0142\u00f3tnie farbami akrylowymi, zabezpieczony werniksem akrylowym oraz sygnowany przez autora. Wymiary 120 x 100 cm, 2016 rok.<\/p>\n","protected":false},"excerpt":{"rendered":"<p>Obraz malowany na p\u0142\u00f3tnie farbami akrylowymi, zabezpieczony werniksem akrylowym oraz sygnowany przez autora. Wymiary 120 x 100 cm, 2016 rok.<\/p>\n","protected":false},"featured_media":10990,"template":"","meta":{"_seopress_robots_primary_cat":"none","_seopress_titles_title":"","_seopress_titles_desc":"Pa\u0142ac Bukowiec \u2013 na obrazie ukazano pa\u0142ac i dw\u00f3r usytuowany we wsi Bukowiec, w jesiennej aurze. Dominuj\u0105 kolory ciep\u0142e, szczeg\u00f3lnie odcienie czerwonego, pokrywaj\u0105ce park angielski na dworze. W centrum p\u0142\u00f3tna mie\u015bci si\u0119 Pa\u0142ac, w ciemnoszarej kolorystyce. \u00a0","_seopress_robots_index":"","inline_featured_image":false},"product_brand":[],"product_cat":[21,17],"product_tag":[99,456,437,101,373],"class_list":{"0":"post-10971","1":"product","2":"type-product","3":"status-publish","4":"has-post-thumbnail","6":"product_cat-architektura","7":"product_cat-obrazy","8":"product_tag-architektura","9":"product_tag-bukowiec","10":"product_tag-obrazy","11":"product_tag-palace","12":"product_tag-zamek","13":"","15":"first","16":"instock","17":"taxable","18":"shipping-taxable","19":"purchasable","20":"product-type-variable"},"_links":{"self":[{"href":"https:\/\/4mara.com\/en\/wp-json\/wp\/v2\/product\/10971","targetHints":{"allow":["GET"]}}],"collection":[{"href":"https:\/\/4mara.com\/en\/wp-json\/wp\/v2\/product"}],"about":[{"href":"https:\/\/4mara.com\/en\/wp-json\/wp\/v2\/types\/product"}],"wp:featuredmedia":[{"embeddable":true,"href":"https:\/\/4mara.com\/en\/wp-json\/wp\/v2\/media\/10990"}],"wp:attachment":[{"href":"https:\/\/4mara.com\/en\/wp-json\/wp\/v2\/media?parent=10971"}],"wp:term":[{"taxonomy":"product_brand","embeddable":true,"href":"https:\/\/4mara.com\/en\/wp-json\/wp\/v2\/product_brand?post=10971"},{"taxonomy":"product_cat","embeddable":true,"href":"https:\/\/4mara.com\/en\/wp-json\/wp\/v2\/product_cat?post=10971"},{"taxonomy":"product_tag","embeddable":true,"href":"https:\/\/4mara.com\/en\/wp-json\/wp\/v2\/product_tag?post=10971"}],"curies":[{"name":"wp","href":"https:\/\/api.w.org\/{rel}","templated":true}]}}