{"id":10935,"date":"2022-02-07T08:05:12","date_gmt":"2022-02-07T08:05:12","guid":{"rendered":"https:\/\/4mara.com\/?post_type=product&#038;p=10935"},"modified":"2025-11-14T12:43:36","modified_gmt":"2025-11-14T12:43:36","slug":"palac-staniszow","status":"publish","type":"product","link":"https:\/\/4mara.com\/en\/produkt\/palac-staniszow\/","title":{"rendered":"Pa\u0142ac Stanisz\u00f3w"},"content":{"rendered":"<p>Obraz malowany na p\u0142\u00f3tnie farbami akrylowymi, zabezpieczony werniksem akrylowym oraz sygnowany przez autora. Wymiary 120\u00a0 x 80 cm, 2016 rok.<\/p>\n","protected":false},"excerpt":{"rendered":"<p>Obraz malowany na p\u0142\u00f3tnie farbami akrylowymi, zabezpieczony werniksem akrylowym oraz sygnowany przez autora. Wymiary 120\u00a0 x 80 cm, 2016 rok.<\/p>\n","protected":false},"featured_media":10954,"template":"","meta":{"_seopress_robots_primary_cat":"none","_seopress_titles_title":"","_seopress_titles_desc":"Pa\u0142ac Stanisz\u00f3w \u2013 luksusowy hotel spa, mieszcz\u0105cy si\u0119 w Kotlinie Jeleniog\u00f3rskiej. Na obrazie ukazany podczas z\u0142otej, polskiej jesieni. Dominuje kolor \u017c\u00f3\u0142ci, kt\u00f3ry przechodzi w ciemniejsze odcienie. \u00a0","_seopress_robots_index":"","inline_featured_image":false},"product_brand":[],"product_cat":[21,17],"product_tag":[99,437,101,455,373],"class_list":{"0":"post-10935","1":"product","2":"type-product","3":"status-publish","4":"has-post-thumbnail","6":"product_cat-architektura","7":"product_cat-obrazy","8":"product_tag-architektura","9":"product_tag-obrazy","10":"product_tag-palace","11":"product_tag-staniszow","12":"product_tag-zamek","13":"","15":"first","16":"instock","17":"taxable","18":"shipping-taxable","19":"purchasable","20":"product-type-variable"},"_links":{"self":[{"href":"https:\/\/4mara.com\/en\/wp-json\/wp\/v2\/product\/10935","targetHints":{"allow":["GET"]}}],"collection":[{"href":"https:\/\/4mara.com\/en\/wp-json\/wp\/v2\/product"}],"about":[{"href":"https:\/\/4mara.com\/en\/wp-json\/wp\/v2\/types\/product"}],"wp:featuredmedia":[{"embeddable":true,"href":"https:\/\/4mara.com\/en\/wp-json\/wp\/v2\/media\/10954"}],"wp:attachment":[{"href":"https:\/\/4mara.com\/en\/wp-json\/wp\/v2\/media?parent=10935"}],"wp:term":[{"taxonomy":"product_brand","embeddable":true,"href":"https:\/\/4mara.com\/en\/wp-json\/wp\/v2\/product_brand?post=10935"},{"taxonomy":"product_cat","embeddable":true,"href":"https:\/\/4mara.com\/en\/wp-json\/wp\/v2\/product_cat?post=10935"},{"taxonomy":"product_tag","embeddable":true,"href":"https:\/\/4mara.com\/en\/wp-json\/wp\/v2\/product_tag?post=10935"}],"curies":[{"name":"wp","href":"https:\/\/api.w.org\/{rel}","templated":true}]}}