{"id":10876,"date":"2022-02-04T13:22:09","date_gmt":"2022-02-04T13:22:09","guid":{"rendered":"https:\/\/4mara.com\/?post_type=product&#038;p=10876"},"modified":"2025-11-14T12:44:14","modified_gmt":"2025-11-14T12:44:14","slug":"aniol-z-serduszkiem","status":"publish","type":"product","link":"https:\/\/4mara.com\/en\/produkt\/aniol-z-serduszkiem\/","title":{"rendered":"Anio\u0142 z serduszkiem"},"content":{"rendered":"<p>Obraz malowany na p\u0142\u00f3tnie farbami akrylowymi, zabezpieczony werniksem akrylowym oraz sygnowany przez autora. Wymiary 30 x 40 cm, 2015 rok.<\/p>\n","protected":false},"excerpt":{"rendered":"<p>Obraz malowany na p\u0142\u00f3tnie farbami akrylowymi, zabezpieczony werniksem akrylowym oraz sygnowany przez autora. Wymiary 30 x 40 cm, 2015 rok.<\/p>\n","protected":false},"featured_media":10900,"template":"","meta":{"_seopress_robots_primary_cat":"none","_seopress_titles_title":"","_seopress_titles_desc":"Anio\u0142 z serduszkiem - stylowy, wiosenny obraz na \u015bcian\u0119, nadaj\u0105cy charakter ka\u017cdemu wn\u0119trzu. Idealny obraz do sypialni czy salonu. Przedstawia Anio\u0142a str\u00f3\u017ca, kt\u00f3ry trzyma w d\u0142oniach ma\u0142e czerwone serduszko. Wok\u00f3\u0142 niego lataj\u0105 \u017c\u00f3\u0142te i bia\u0142e motyle. Panuje nastr\u00f3j harmonii i spokoju. Dominuj\u0105 pastelowe, ciep\u0142e odcienie.","_seopress_robots_index":"","inline_featured_image":false},"product_brand":[],"product_cat":[19,17],"product_tag":[43,437,173],"class_list":{"0":"post-10876","1":"product","2":"type-product","3":"status-publish","4":"has-post-thumbnail","6":"product_cat-anioly","7":"product_cat-obrazy","8":"product_tag-anioly","9":"product_tag-obrazy","10":"product_tag-serce","11":"","13":"first","14":"instock","15":"taxable","16":"shipping-taxable","17":"purchasable","18":"product-type-variable"},"_links":{"self":[{"href":"https:\/\/4mara.com\/en\/wp-json\/wp\/v2\/product\/10876","targetHints":{"allow":["GET"]}}],"collection":[{"href":"https:\/\/4mara.com\/en\/wp-json\/wp\/v2\/product"}],"about":[{"href":"https:\/\/4mara.com\/en\/wp-json\/wp\/v2\/types\/product"}],"wp:featuredmedia":[{"embeddable":true,"href":"https:\/\/4mara.com\/en\/wp-json\/wp\/v2\/media\/10900"}],"wp:attachment":[{"href":"https:\/\/4mara.com\/en\/wp-json\/wp\/v2\/media?parent=10876"}],"wp:term":[{"taxonomy":"product_brand","embeddable":true,"href":"https:\/\/4mara.com\/en\/wp-json\/wp\/v2\/product_brand?post=10876"},{"taxonomy":"product_cat","embeddable":true,"href":"https:\/\/4mara.com\/en\/wp-json\/wp\/v2\/product_cat?post=10876"},{"taxonomy":"product_tag","embeddable":true,"href":"https:\/\/4mara.com\/en\/wp-json\/wp\/v2\/product_tag?post=10876"}],"curies":[{"name":"wp","href":"https:\/\/api.w.org\/{rel}","templated":true}]}}