{"id":10831,"date":"2022-02-04T12:29:46","date_gmt":"2022-02-04T12:29:46","guid":{"rendered":"https:\/\/4mara.com\/?post_type=product&#038;p=10831"},"modified":"2025-11-14T12:44:50","modified_gmt":"2025-11-14T12:44:50","slug":"kawa-dla-ukochanego","status":"publish","type":"product","link":"https:\/\/4mara.com\/en\/produkt\/kawa-dla-ukochanego\/","title":{"rendered":"Kawa dla ukochanego"},"content":{"rendered":"<p>Obraz malowany na p\u0142\u00f3tnie farbami akrylowymi, zabezpieczony werniksem akrylowym oraz sygnowany przez autora. Wymiary 100 x 120 cm, 2016 rok.<\/p>\n","protected":false},"excerpt":{"rendered":"<p>Obraz Z serii &#8220;Mi\u0142o\u015b\u0107&#8221; malowany na p\u0142\u00f3tnie farbami akrylowymi, zabezpieczony werniksem akrylowym oraz sygnowany przez autora. Wymiary 100 x 120 cm, 2016 rok.<\/p>\n","protected":false},"featured_media":10834,"template":"","meta":{"_seopress_robots_primary_cat":"none","_seopress_titles_title":"","_seopress_titles_desc":"Kawa dla ukochanego \u2013 stylowa kompozycja, nadaj\u0105ca artystyczny polot ka\u017cdemu wn\u0119trzu. Przedstawia nag\u0105 kobiet\u0119 w \u0142\u00f3\u017cku, kt\u00f3ra podaje swojemu partnerowi tac\u0119 z zaparzon\u0105 kaw\u0105. Dominuj\u0105 odcienie fioletu i jasnoniebieskiego koloru.\u00a0 \u00a0","_seopress_robots_index":"","inline_featured_image":false},"product_brand":[],"product_cat":[51,17],"product_tag":[369,55,437,454],"class_list":{"0":"post-10831","1":"product","2":"type-product","3":"status-publish","4":"has-post-thumbnail","6":"product_cat-milosc","7":"product_cat-obrazy","8":"product_tag-kawa","9":"product_tag-milosc","10":"product_tag-obrazy","11":"product_tag-walentynki","12":"","14":"first","15":"instock","16":"taxable","17":"shipping-taxable","18":"purchasable","19":"product-type-variable","20":"has-default-attributes"},"_links":{"self":[{"href":"https:\/\/4mara.com\/en\/wp-json\/wp\/v2\/product\/10831","targetHints":{"allow":["GET"]}}],"collection":[{"href":"https:\/\/4mara.com\/en\/wp-json\/wp\/v2\/product"}],"about":[{"href":"https:\/\/4mara.com\/en\/wp-json\/wp\/v2\/types\/product"}],"wp:featuredmedia":[{"embeddable":true,"href":"https:\/\/4mara.com\/en\/wp-json\/wp\/v2\/media\/10834"}],"wp:attachment":[{"href":"https:\/\/4mara.com\/en\/wp-json\/wp\/v2\/media?parent=10831"}],"wp:term":[{"taxonomy":"product_brand","embeddable":true,"href":"https:\/\/4mara.com\/en\/wp-json\/wp\/v2\/product_brand?post=10831"},{"taxonomy":"product_cat","embeddable":true,"href":"https:\/\/4mara.com\/en\/wp-json\/wp\/v2\/product_cat?post=10831"},{"taxonomy":"product_tag","embeddable":true,"href":"https:\/\/4mara.com\/en\/wp-json\/wp\/v2\/product_tag?post=10831"}],"curies":[{"name":"wp","href":"https:\/\/api.w.org\/{rel}","templated":true}]}}