{"id":10797,"date":"2022-02-04T12:03:22","date_gmt":"2022-02-04T12:03:22","guid":{"rendered":"https:\/\/4mara.com\/?post_type=product&#038;p=10797"},"modified":"2025-11-14T12:45:34","modified_gmt":"2025-11-14T12:45:34","slug":"w-okularach","status":"publish","type":"product","link":"https:\/\/4mara.com\/en\/produkt\/w-okularach\/","title":{"rendered":"W okularach"},"content":{"rendered":"<p>Obraz malowany na p\u0142\u00f3tnie farbami akrylowymi, zabezpieczony werniksem akrylowym oraz sygnowany przez autora. Wymiary 77 x 107 cm, 2015 rok.<\/p>\n","protected":false},"excerpt":{"rendered":"<p>Obraz malowany na p\u0142\u00f3tnie farbami akrylowymi, zabezpieczony werniksem akrylowym oraz sygnowany przez autora. Wymiary 77 x 107 cm, 2015 rok.<\/p>\n","protected":false},"featured_media":10816,"template":"","meta":{"_seopress_robots_primary_cat":"none","_seopress_titles_title":"","_seopress_titles_desc":"W okularach - P\u0142\u00f3tno przedstawia wizerunek u\u015bmiechni\u0119tej kobiety, spogl\u0105daj\u0105cej przez r\u00f3\u017cowe okulary, w kszta\u0142cie serca. W d\u0142oni trzyma lizaka w kszta\u0142cie serca. Panuje mi\u0142osny nastr\u00f3j, kobieta przejawia stan typowy dla zakochanych ludzi. Dominuje szare t\u0142o z czerwonymi i pomara\u0144czowymi elementami. \u00a0","_seopress_robots_index":"","inline_featured_image":false},"product_brand":[],"product_cat":[51,17],"product_tag":[55,437,454],"class_list":{"0":"post-10797","1":"product","2":"type-product","3":"status-publish","4":"has-post-thumbnail","6":"product_cat-milosc","7":"product_cat-obrazy","8":"product_tag-milosc","9":"product_tag-obrazy","10":"product_tag-walentynki","11":"","13":"first","14":"instock","15":"taxable","16":"shipping-taxable","17":"purchasable","18":"product-type-variable"},"_links":{"self":[{"href":"https:\/\/4mara.com\/en\/wp-json\/wp\/v2\/product\/10797","targetHints":{"allow":["GET"]}}],"collection":[{"href":"https:\/\/4mara.com\/en\/wp-json\/wp\/v2\/product"}],"about":[{"href":"https:\/\/4mara.com\/en\/wp-json\/wp\/v2\/types\/product"}],"wp:featuredmedia":[{"embeddable":true,"href":"https:\/\/4mara.com\/en\/wp-json\/wp\/v2\/media\/10816"}],"wp:attachment":[{"href":"https:\/\/4mara.com\/en\/wp-json\/wp\/v2\/media?parent=10797"}],"wp:term":[{"taxonomy":"product_brand","embeddable":true,"href":"https:\/\/4mara.com\/en\/wp-json\/wp\/v2\/product_brand?post=10797"},{"taxonomy":"product_cat","embeddable":true,"href":"https:\/\/4mara.com\/en\/wp-json\/wp\/v2\/product_cat?post=10797"},{"taxonomy":"product_tag","embeddable":true,"href":"https:\/\/4mara.com\/en\/wp-json\/wp\/v2\/product_tag?post=10797"}],"curies":[{"name":"wp","href":"https:\/\/api.w.org\/{rel}","templated":true}]}}