{"id":10726,"date":"2022-02-04T10:54:26","date_gmt":"2022-02-04T10:54:26","guid":{"rendered":"https:\/\/4mara.com\/?post_type=product&#038;p=10726"},"modified":"2025-11-14T12:47:49","modified_gmt":"2025-11-14T12:47:49","slug":"zamek-karpniki","status":"publish","type":"product","link":"https:\/\/4mara.com\/en\/produkt\/zamek-karpniki\/","title":{"rendered":"Zamek Karpniki"},"content":{"rendered":"<p>Obraz malowany na p\u0142\u00f3tnie farbami akrylowymi, zabezpieczony werniksem akrylowym oraz sygnowany przez autora. Wymiary 120 x 150 cm, 2016 rok.<\/p>\n","protected":false},"excerpt":{"rendered":"<p>Obraz malowany na p\u0142\u00f3tnie farbami akrylowymi, zabezpieczony werniksem akrylowym oraz sygnowany przez autora. Wymiary 120 x 150 cm, 2016 rok.<\/p>\n","protected":false},"featured_media":10734,"template":"","meta":{"_seopress_robots_primary_cat":"none","_seopress_titles_title":"","_seopress_titles_desc":"Zamek Karpniki \u2013 uchwycony w bajkowym motywie zamek znajduj\u0105cy si\u0119 we wsi Karpniki noc\u0105 por\u0105. Na pierwszym planie wida\u0107 jasny ksi\u0119\u017cyc oraz strzelist\u0105 wie\u017c\u0119 budowli. Architektura odbija si\u0119 w tafli wody. Dominuj\u0105 ciemne kolory. \u00a0","_seopress_robots_index":"","inline_featured_image":false},"product_brand":[],"product_cat":[21,17],"product_tag":[99,437,373],"class_list":{"0":"post-10726","1":"product","2":"type-product","3":"status-publish","4":"has-post-thumbnail","6":"product_cat-architektura","7":"product_cat-obrazy","8":"product_tag-architektura","9":"product_tag-obrazy","10":"product_tag-zamek","11":"","13":"first","14":"instock","15":"taxable","16":"shipping-taxable","17":"purchasable","18":"product-type-variable"},"_links":{"self":[{"href":"https:\/\/4mara.com\/en\/wp-json\/wp\/v2\/product\/10726","targetHints":{"allow":["GET"]}}],"collection":[{"href":"https:\/\/4mara.com\/en\/wp-json\/wp\/v2\/product"}],"about":[{"href":"https:\/\/4mara.com\/en\/wp-json\/wp\/v2\/types\/product"}],"wp:featuredmedia":[{"embeddable":true,"href":"https:\/\/4mara.com\/en\/wp-json\/wp\/v2\/media\/10734"}],"wp:attachment":[{"href":"https:\/\/4mara.com\/en\/wp-json\/wp\/v2\/media?parent=10726"}],"wp:term":[{"taxonomy":"product_brand","embeddable":true,"href":"https:\/\/4mara.com\/en\/wp-json\/wp\/v2\/product_brand?post=10726"},{"taxonomy":"product_cat","embeddable":true,"href":"https:\/\/4mara.com\/en\/wp-json\/wp\/v2\/product_cat?post=10726"},{"taxonomy":"product_tag","embeddable":true,"href":"https:\/\/4mara.com\/en\/wp-json\/wp\/v2\/product_tag?post=10726"}],"curies":[{"name":"wp","href":"https:\/\/api.w.org\/{rel}","templated":true}]}}