{"id":10615,"date":"2022-02-03T14:24:51","date_gmt":"2022-02-03T14:24:51","guid":{"rendered":"https:\/\/4mara.com\/?post_type=product&#038;p=10615"},"modified":"2025-11-14T12:50:24","modified_gmt":"2025-11-14T12:50:24","slug":"aniolek-z-kotka","status":"publish","type":"product","link":"https:\/\/4mara.com\/en\/produkt\/aniolek-z-kotka\/","title":{"rendered":"Anio\u0142ek z kotk\u0105"},"content":{"rendered":"<p>Obraz malowany na p\u0142\u00f3tnie farbami akrylowymi, zabezpieczony werniksem akrylowym oraz sygnowany przez autora. Wymiary 30\u00a0 x 30 cm, 2012 rok.<\/p>\n","protected":false},"excerpt":{"rendered":"<p>Obraz malowany na p\u0142\u00f3tnie farbami akrylowymi, zabezpieczony werniksem akrylowym oraz sygnowany przez autora. Wymiary 30\u00a0 x 30 cm, 2012 rok.<\/p>\n","protected":false},"featured_media":10634,"template":"","meta":{"_seopress_robots_primary_cat":"none","_seopress_titles_title":"","_seopress_titles_desc":"Anio\u0142ek z kotk\u0105 - abstrakcyjny obraz na \u015bcian\u0119, roz\u015bwietlaj\u0105cy ka\u017cde wn\u0119trze. Stylowy obraz do salonu czy sypialni. Idealny na prezent dla dziecka. Przedstawia Anio\u0142a str\u00f3\u017ca, kt\u00f3ry opiekuje si\u0119 rudym kotkiem, podczas opad\u00f3w \u015bniegu. Wyst\u0119puj\u0105 drobne, szczeg\u00f3\u0142owe elementy. Dominuj\u0105 jasne, pastelowe odcienie, z przewag\u0105 niebieskiego koloru.","_seopress_robots_index":"","inline_featured_image":false},"product_brand":[],"product_cat":[19,17],"product_tag":[43,110,437],"class_list":{"0":"post-10615","1":"product","2":"type-product","3":"status-publish","4":"has-post-thumbnail","6":"product_cat-anioly","7":"product_cat-obrazy","8":"product_tag-anioly","9":"product_tag-koty","10":"product_tag-obrazy","11":"","13":"first","14":"instock","15":"taxable","16":"shipping-taxable","17":"purchasable","18":"product-type-variable"},"_links":{"self":[{"href":"https:\/\/4mara.com\/en\/wp-json\/wp\/v2\/product\/10615","targetHints":{"allow":["GET"]}}],"collection":[{"href":"https:\/\/4mara.com\/en\/wp-json\/wp\/v2\/product"}],"about":[{"href":"https:\/\/4mara.com\/en\/wp-json\/wp\/v2\/types\/product"}],"wp:featuredmedia":[{"embeddable":true,"href":"https:\/\/4mara.com\/en\/wp-json\/wp\/v2\/media\/10634"}],"wp:attachment":[{"href":"https:\/\/4mara.com\/en\/wp-json\/wp\/v2\/media?parent=10615"}],"wp:term":[{"taxonomy":"product_brand","embeddable":true,"href":"https:\/\/4mara.com\/en\/wp-json\/wp\/v2\/product_brand?post=10615"},{"taxonomy":"product_cat","embeddable":true,"href":"https:\/\/4mara.com\/en\/wp-json\/wp\/v2\/product_cat?post=10615"},{"taxonomy":"product_tag","embeddable":true,"href":"https:\/\/4mara.com\/en\/wp-json\/wp\/v2\/product_tag?post=10615"}],"curies":[{"name":"wp","href":"https:\/\/api.w.org\/{rel}","templated":true}]}}