{"id":10546,"date":"2022-02-03T11:33:07","date_gmt":"2022-02-03T11:33:07","guid":{"rendered":"https:\/\/4mara.com\/?post_type=product&#038;p=10546"},"modified":"2025-11-14T12:51:50","modified_gmt":"2025-11-14T12:51:50","slug":"aniol-z-parasolem","status":"publish","type":"product","link":"https:\/\/4mara.com\/en\/produkt\/aniol-z-parasolem\/","title":{"rendered":"Anio\u0142 z parasolem"},"content":{"rendered":"<p>Obraz malowany na p\u0142\u00f3tnie farbami akrylowymi, zabezpieczony werniksem akrylowym oraz sygnowany przez autora. Wymiary 35 x 47 cm, 2012 rok.<\/p>\n","protected":false},"excerpt":{"rendered":"<p>Obraz malowany na p\u0142\u00f3tnie farbami akrylowymi, zabezpieczony werniksem akrylowym oraz sygnowany przez autora. Wymiary 35 x 47 cm, 2012 rok.<\/p>\n","protected":false},"featured_media":10565,"template":"","meta":{"_seopress_robots_primary_cat":"none","_seopress_titles_title":"","_seopress_titles_desc":"Anio\u0142 z parasolem - abstrakcyjny obraz na \u015bcian\u0119, roz\u015bwietlaj\u0105cy ka\u017cde wn\u0119trze. Stylowy obraz do salonu czy sypialni. P\u0142\u00f3tno ukazuje chroni\u0105cego si\u0119 przed deszczem Anio\u0142a str\u00f3\u017ca, kt\u00f3remu towarzysz\u0105 dwa koty. Wyst\u0119puj\u0105 drobne, szczeg\u00f3\u0142owe elementy. Dominuj\u0105 pastelowe ciemne odcienie fioletu i r\u00f3\u017cu.","_seopress_robots_index":"","inline_featured_image":false},"product_brand":[],"product_cat":[19,17],"product_tag":[42,446,437,445],"class_list":{"0":"post-10546","1":"product","2":"type-product","3":"status-publish","4":"has-post-thumbnail","6":"product_cat-anioly","7":"product_cat-obrazy","8":"product_tag-aniol","9":"product_tag-deszcz","10":"product_tag-obrazy","11":"product_tag-parasol","12":"","14":"first","15":"instock","16":"taxable","17":"shipping-taxable","18":"purchasable","19":"product-type-variable"},"_links":{"self":[{"href":"https:\/\/4mara.com\/en\/wp-json\/wp\/v2\/product\/10546","targetHints":{"allow":["GET"]}}],"collection":[{"href":"https:\/\/4mara.com\/en\/wp-json\/wp\/v2\/product"}],"about":[{"href":"https:\/\/4mara.com\/en\/wp-json\/wp\/v2\/types\/product"}],"wp:featuredmedia":[{"embeddable":true,"href":"https:\/\/4mara.com\/en\/wp-json\/wp\/v2\/media\/10565"}],"wp:attachment":[{"href":"https:\/\/4mara.com\/en\/wp-json\/wp\/v2\/media?parent=10546"}],"wp:term":[{"taxonomy":"product_brand","embeddable":true,"href":"https:\/\/4mara.com\/en\/wp-json\/wp\/v2\/product_brand?post=10546"},{"taxonomy":"product_cat","embeddable":true,"href":"https:\/\/4mara.com\/en\/wp-json\/wp\/v2\/product_cat?post=10546"},{"taxonomy":"product_tag","embeddable":true,"href":"https:\/\/4mara.com\/en\/wp-json\/wp\/v2\/product_tag?post=10546"}],"curies":[{"name":"wp","href":"https:\/\/api.w.org\/{rel}","templated":true}]}}