{"id":10226,"date":"2022-02-02T14:04:08","date_gmt":"2022-02-02T14:04:08","guid":{"rendered":"https:\/\/4mara.com\/?post_type=product&#038;p=10226"},"modified":"2025-11-14T12:59:37","modified_gmt":"2025-11-14T12:59:37","slug":"tworzenie-morza","status":"publish","type":"product","link":"https:\/\/4mara.com\/en\/produkt\/tworzenie-morza\/","title":{"rendered":"Tworzenie morza"},"content":{"rendered":"<p>Obraz malowany na p\u0142\u00f3tnie farbami akrylowymi, zabezpieczony werniksem akrylowym oraz sygnowany przez autora. Wymiary 100 x 140 cm, 2019 rok.<\/p>\n","protected":false},"excerpt":{"rendered":"<p>Obraz malowany na p\u0142\u00f3tnie farbami akrylowymi, zabezpieczony werniksem akrylowym oraz sygnowany przez autora. Wymiary 100 x 140 cm, 2019 rok.<\/p>\n","protected":false},"featured_media":10107,"template":"","meta":{"_seopress_robots_primary_cat":"none","_seopress_titles_title":"","_seopress_titles_desc":"Tworzenie morza - abstrakcyjny obraz na \u015bcian\u0119, roz\u015bwietlaj\u0105cy ka\u017cde wn\u0119trze. Stylowy obraz do salonu czy sypialni. Ukazuje proces tworzenia morza przez Anio\u0142a str\u00f3\u017ca, kt\u00f3ry \u0142\u0105czy ze sob\u0105 dwa kolory wody. P\u0142otno zawiera szczeg\u00f3\u0142owe elementy zdobnicze. Dominuj\u0105 ciemne odcienie po\u0142\u0105czone z pastelowymi barwami.","_seopress_robots_index":"","inline_featured_image":false},"product_brand":[],"product_cat":[19,17],"product_tag":[43,45,437,44],"class_list":{"0":"post-10226","1":"product","2":"type-product","3":"status-publish","4":"has-post-thumbnail","6":"product_cat-anioly","7":"product_cat-obrazy","8":"product_tag-anioly","9":"product_tag-morze","10":"product_tag-obrazy","11":"product_tag-ryby","12":"","14":"first","15":"instock","16":"taxable","17":"shipping-taxable","18":"purchasable","19":"product-type-variable"},"_links":{"self":[{"href":"https:\/\/4mara.com\/en\/wp-json\/wp\/v2\/product\/10226","targetHints":{"allow":["GET"]}}],"collection":[{"href":"https:\/\/4mara.com\/en\/wp-json\/wp\/v2\/product"}],"about":[{"href":"https:\/\/4mara.com\/en\/wp-json\/wp\/v2\/types\/product"}],"wp:featuredmedia":[{"embeddable":true,"href":"https:\/\/4mara.com\/en\/wp-json\/wp\/v2\/media\/10107"}],"wp:attachment":[{"href":"https:\/\/4mara.com\/en\/wp-json\/wp\/v2\/media?parent=10226"}],"wp:term":[{"taxonomy":"product_brand","embeddable":true,"href":"https:\/\/4mara.com\/en\/wp-json\/wp\/v2\/product_brand?post=10226"},{"taxonomy":"product_cat","embeddable":true,"href":"https:\/\/4mara.com\/en\/wp-json\/wp\/v2\/product_cat?post=10226"},{"taxonomy":"product_tag","embeddable":true,"href":"https:\/\/4mara.com\/en\/wp-json\/wp\/v2\/product_tag?post=10226"}],"curies":[{"name":"wp","href":"https:\/\/api.w.org\/{rel}","templated":true}]}}